{"id":3,"date":"2022-11-03T07:30:15","date_gmt":"2022-11-03T07:30:15","guid":{"rendered":"https:\/\/cotinfant.com\/infant\/?page_id=3"},"modified":"2024-09-18T10:18:39","modified_gmt":"2024-09-18T10:18:39","slug":"politica-privacidad","status":"publish","type":"page","link":"https:\/\/cotinfant.com\/infant\/politica-privacidad\/","title":{"rendered":"Pol\u00edtica de privacidad"},"content":{"rendered":"[vc_row type=\u00bbin_container\u00bb full_screen_row_position=\u00bbmiddle\u00bb column_margin=\u00bbdefault\u00bb column_direction=\u00bbdefault\u00bb column_direction_tablet=\u00bbdefault\u00bb column_direction_phone=\u00bbdefault\u00bb scene_position=\u00bbcenter\u00bb text_color=\u00bbdark\u00bb text_align=\u00bbleft\u00bb row_border_radius=\u00bbnone\u00bb row_border_radius_applies=\u00bbbg\u00bb overflow=\u00bbvisible\u00bb overlay_strength=\u00bb0.3&#8243; gradient_direction=\u00bbleft_to_right\u00bb shape_divider_position=\u00bbbottom\u00bb bg_image_animation=\u00bbnone\u00bb][vc_column column_padding=\u00bbno-extra-padding\u00bb column_padding_tablet=\u00bbinherit\u00bb column_padding_phone=\u00bbinherit\u00bb column_padding_position=\u00bball\u00bb column_element_direction_desktop=\u00bbdefault\u00bb column_element_spacing=\u00bbdefault\u00bb desktop_text_alignment=\u00bbdefault\u00bb tablet_text_alignment=\u00bbdefault\u00bb phone_text_alignment=\u00bbdefault\u00bb background_color_opacity=\u00bb1&#8243; background_hover_color_opacity=\u00bb1&#8243; column_backdrop_filter=\u00bbnone\u00bb column_shadow=\u00bbnone\u00bb column_border_radius=\u00bbnone\u00bb column_link_target=\u00bb_self\u00bb column_position=\u00bbdefault\u00bb gradient_direction=\u00bbleft_to_right\u00bb overlay_strength=\u00bb0.3&#8243; width=\u00bb1\/1&#8243; tablet_width_inherit=\u00bbdefault\u00bb animation_type=\u00bbdefault\u00bb bg_image_animation=\u00bbnone\u00bb border_type=\u00bbsimple\u00bb column_border_width=\u00bbnone\u00bb column_border_style=\u00bbsolid\u00bb][vc_column_text text_direction=\u00bbdefault\u00bb]\r\n<h2 class=\"wp-block-heading\"><span style=\"font-weight: 400;\">POL\u00cdTICA DE PRIVACIDAD<\/span><\/h2>\r\n<p><span style=\"font-weight: 400;\">Su privacidad es importante para nosotros, as\u00ed que mediante este documento le explicamos qu\u00e9 datos recopilamos de los usuarios, c\u00f3mo los utilizamos y para qu\u00e9 fines, entre otras indicaciones. Los mayores de 14 a\u00f1os podr\u00e1n registrarse como usuarios sin el previo consentimiento de sus padres, tutores o representantes legales. En caso de menores de 14 a\u00f1os o identificados como \u201cincapaces legalmente\u201d, siempre necesitaremos el consentimiento paterno, o del tutor\/a o representante legal.<\/span><\/p>\r\n<p><span style=\"font-weight: 400;\">Para su informaci\u00f3n, nunca solicitaremos m\u00e1s informaci\u00f3n de la que realmente necesitaremos para los servicios requeridos; nunca la compartiremos con terceros, excepto por obligaci\u00f3n legal o con su autorizaci\u00f3n previa; y nunca utilizaremos sus datos para otra finalidad no indicada previamente.<\/span><\/p>\r\n<p><span style=\"font-weight: 400;\">Como usuario, deber\u00e1 leer atentamente esta Pol\u00edtica de privacidad de manera regular, y siempre que introduzca sus datos personales, ya que este documento puede sufrir modificaciones porque el prestador puede modificar cualquier tipo de informaci\u00f3n que pudiera aparecer en la web para cumplir con la normativa o actualizar la pol\u00edtica, y sin que exista la obligaci\u00f3n de preavisar o poner en conocimiento de los usuarios estas obligaciones, siendo suficiente la publicaci\u00f3n en el sitio web del prestador.<\/span><\/p>\r\n<p>&nbsp;<\/p>\r\n<p><b>RESPONSABLE DEL TRATAMIENTO:<\/b><\/p>\r\n<p><span style=\"font-weight: 400;\">Identidad: <b>COTINFANT S.L.<\/b><\/span><span style=\"font-weight: 400;\">\u00a0(tambi\u00e9n el prestador)<\/span><span style=\"font-weight: 400;\"><br \/><\/span><span style=\"font-weight: 400;\">NIF: B62010764<\/span><b><br \/><\/b><span style=\"font-weight: 400;\">Direcci\u00f3n postal: Carretera Malars, s\/n 08510 Roda de Ter (Barcelona) Espa\u00f1a<\/span><b><br \/><\/b><span style=\"font-weight: 400;\">Correo electr\u00f3nico: castane@cotinfant.com<\/span><\/p>\r\n<p><span style=\"font-weight: 400;\"><b>COTINFANT S.L.<\/b>, como responsable del Sitio web, de conformidad con lo dispuesto en el Reglamento (UE) 2016\/679 de 27 de abril de 2016 (RGPD), la Ley Org\u00e1nica 3\/2018 de 5 de diciembre (LOPDGDD) y dem\u00e1s normativa legal vigente en materia de protecci\u00f3n de datos personales, y por la Ley 34\/2002, de 11 de julio, de Servicios de la Sociedad de la Informaci\u00f3n y del Comercio Electr\u00f3nico (LSSICE), le informa que ha implementado las medidas de seguridad necesarias, de \u00edndole t\u00e9cnica y organizativa, para garantizar y proteger la confidencialidad, integridad y disponibilidad de los datos introducidos.<\/span><\/p>\r\n<p>&nbsp;<\/p>\r\n<p><b>M\u00c9TODO DE OBTENCI\u00d3N DE LOS DATOS y DATOS QUE RECOPILAMOS:<\/b><span style=\"font-weight: 400;\"> Los datos que recopilamos y la manera como los obtenemos es la siguiente:<\/span><\/p>\r\n<ol>\r\n<li style=\"font-weight: 400;\" aria-level=\"1\"><span style=\"font-weight: 400;\">Mediante el formulario de contacto: nombre, email, tel\u00e9fono, provincia<\/span><\/li>\r\n<\/ol>\r\n<p><span style=\"font-weight: 400;\">No se tratan categor\u00edas de datos especialmente protegidas.<\/span><\/p>\r\n<p>&nbsp;<\/p>\r\n<p><b>FINALIDAD DEL TRATAMIENTO:<\/b><\/p>\r\n<p><span style=\"font-weight: 400;\">Sus datos personales solo se utilizar\u00e1n para las siguientes finalidades, prestando su consentimiento para cada una de las finalidades en el apartado correspondiente de la web:<\/span><\/p>\r\n<ol>\r\n<li style=\"font-weight: 400;\" aria-level=\"1\"><span style=\"font-weight: 400;\">Formulario de contacto: para responder a las consultas y\/o proporcionar informaciones requeridas por el Usuario;<\/span><\/li>\r\n<li style=\"font-weight: 400;\" aria-level=\"1\"><span style=\"font-weight: 400;\">Otras finalidades:<\/span>\r\n<ul>\r\n<li style=\"font-weight: 400;\" aria-level=\"2\"><span style=\"font-weight: 400;\">Realizar las gestiones comerciales, administrativas, fiscales, contables que sean necesarias en virtud de la legislaci\u00f3n vigente;<\/span><\/li>\r\n<li style=\"font-weight: 400;\" aria-level=\"2\"><span style=\"font-weight: 400;\">Conocer su opini\u00f3n y mejorar los servicios prestados por la web;<\/span><\/li>\r\n<li style=\"font-weight: 400;\" aria-level=\"2\"><span style=\"font-weight: 400;\">Realizaci\u00f3n de an\u00e1lisis de perfiles y de usabilidad del web, a trav\u00e9s de las cookies (mencionadas en la pol\u00edtica de cookies);<\/span><\/li>\r\n<li style=\"font-weight: 400;\" aria-level=\"2\"><span style=\"font-weight: 400;\">Redes sociales: en el apartado correspondiente se especifica el uso de las redes sociales<\/span><\/li>\r\n<\/ul>\r\n<\/li>\r\n<\/ol>\r\n<p>&nbsp;<\/p>\r\n<p><b>USO DE FOTOGRAF\u00cdAS:<\/b><\/p>\r\n<p><span style=\"font-weight: 400;\">Las fotograf\u00edas que est\u00e9n colgadas en la web son propiedad de <b>COTINFANT S.L.<\/b><\/span><span style=\"font-weight: 400;\">, incluyendo las de menores, en las cuales, para la obtenci\u00f3n de estas, se ha obtenido el consentimiento previo de los padres, tutores o representantes legales mediante la firma de los formularios realizados a tal efecto por los centros en los que los menores forman parte. No obstante, los padres, tutores o representantes de los menores, como titulares del ejercicio de los derechos de estos, y siempre previo requerimiento formal por escrito, pueden indicar la negativa al uso de la imagen del menor; en este caso, la imagen se mostrar\u00e1 pixelada.<\/span><\/p>\r\n<p><span style=\"font-weight: 400;\">Puede revocar en cualquier momento su consentimiento remitiendo un escrito con el asunto \u201cBaja\u201d al EMAIL.<\/span><\/p>\r\n<p><span style=\"font-weight: 400;\">De acuerdo con la LSSICE, <b>COTINFANT S.L.<\/b><\/span><span style=\"font-weight: 400;\">\u00a0no realiza pr\u00e1cticas de SPAM, por lo tanto, no env\u00eda correos comerciales por e-mail que no hayan sido previamente solicitados o autorizados por el Usuario. En consecuencia, en todas las comunicaciones que recibir\u00e1 del prestador, el usuario tiene la posibilidad de cancelar su consentimiento expreso para recibir nuestras comunicaciones.<\/span><\/p>\r\n<p><span style=\"font-weight: 400;\">No trataremos sus datos personales para ninguna otra finalidad de las descritas excepto por obligaci\u00f3n legal o requerimiento judicial.<\/span><\/p>\r\n<p><span style=\"font-weight: 400;\">No ser\u00e1 objeto de decisiones basadas en tratamientos automatizados que produzcan efectos sobre sus datos.<\/span><\/p>\r\n<p>&nbsp;<\/p>\r\n<p><b>LEGITIMACI\u00d3N DEL TRATAMIENTO:<\/b><\/p>\r\n<p><span style=\"font-weight: 400;\">La base legal para el tratamiento de los datos es su consentimiento otorgado en el momento de dar sus datos en el formulario correspondiente para llevar a cabo las finalidades, en el momento de marcar la casilla de verificaci\u00f3n.<\/span><\/p>\r\n<p><span style=\"font-weight: 400;\">La oferta prospectiva o comercial de productos y servicios est\u00e1 basada en el consentimiento que se le solicita, sin que en ning\u00fan caso la retirada de este consentimiento condicione la ejecuci\u00f3n del contrato de suscripci\u00f3n.<\/span><\/p>\r\n<p><span style=\"font-weight: 400;\">El no facilitar los datos personales solicitados o el no aceptar la presente pol\u00edtica de privacidad supone la imposibilidad de conseguir las finalidades anteriormente descritas.<\/span><\/p>\r\n<p><span style=\"font-weight: 400;\">En los casos en que haya una previa relaci\u00f3n contractual entre las partes, la legitimaci\u00f3n para el desarrollo de las obligaciones administrativas, fiscales, contables y laborales que sean necesarias en virtud de la legislaci\u00f3n vigente ser\u00e1 la existencia previa de la relaci\u00f3n comercial establecida entre las partes.<\/span><\/p>\r\n<p>&nbsp;<\/p>\r\n<p><b>PLAZO DE CONSERVACI\u00d3N DE LOS DATOS:<\/b><\/p>\r\n<p><span style=\"font-weight: 400;\">Sus datos se conservar\u00e1n mientras dure la relaci\u00f3n comercial con nosotros o ejerza su derecho de cancelaci\u00f3n u oposici\u00f3n, o limitaci\u00f3n al tratamiento. No obstante, conservaremos sus datos en los plazos legalmente previstos en las disposiciones aplicables.<\/span><\/p>\r\n<p>&nbsp;<\/p>\r\n<p><b>DESTINATARIOS DE CESIONES O TRANSFERENCIAS:<\/b><\/p>\r\n<p><span style=\"font-weight: 400;\"><b>COTINFANT S.L.<\/b> no lleva a cabo ninguna cesi\u00f3n o comunicaci\u00f3n de datos ni dentro ni fuera de la UE. El prestador \u00fanicamente facilitar\u00e1 informaci\u00f3n a las fuerzas y cuerpos de seguridad bajo orden judicial o por obligaci\u00f3n de una norma legal, sin perjuicio de poder bloquear o cancelar su cuenta si puede haber indicios de la comisi\u00f3n de alg\u00fan delito por parte del usuario. La informaci\u00f3n facilitada ser\u00e1 solo la que disponga en ese momento el prestador.<\/span><\/p>\r\n<p><span style=\"font-weight: 400;\">La informaci\u00f3n que usted nos proporcione tanto a trav\u00e9s de este sitio web ser\u00e1 alojada en los servidores de <b>COTINFANT S.L.<\/b><\/span><span style=\"font-weight: 400;\">, contratados a la empresa que presta el servicio de alojamiento de la web. El tratamiento de los datos de la entidad se encuentra regulado mediante un contrato de encargado del tratamiento entre el prestador y esta empresa. En ning\u00fan caso este encargado del tratamiento subcontratar\u00e1 servicios que comporten alg\u00fan tratamiento de datos por terceros sin nuestro consentimiento previo.<\/span><\/p>\r\n<p>&nbsp;<\/p>\r\n<p><b>DERECHOS DE LAS PERSONAS INTERESADAS:<\/b><\/p>\r\n<p><span style=\"font-weight: 400;\">Como usuario-interesado, puede solicitar el ejercicio de los siguientes derechos ante <b>COTINFANT S.L.<\/b><\/span><span style=\"font-weight: 400;\"> presentando un escrito a la direcci\u00f3n postal del encabezado o enviando un correo electr\u00f3nico a cotinfant@cotinfant.com, indicando como Asunto: \u201cPROTECCI\u00d3N DE DATOS: DERECHOS DE LOS INTERESADOS\u201d, y adjuntando fotocopia de su DNI o cualquier medio an\u00e1logo en derecho, tal como indica la ley.<\/span><\/p>\r\n<p><b>Derechos:<\/b><\/p>\r\n<ul>\r\n<li style=\"font-weight: 400;\" aria-level=\"1\"><b>Derecho de acceso:<\/b><span style=\"font-weight: 400;\"> permite al interesado conocer y obtener informaci\u00f3n sobre sus datos de car\u00e1cter personal sometidos a tratamiento.<\/span><\/li>\r\n<li style=\"font-weight: 400;\" aria-level=\"1\"><b>Derecho de rectificaci\u00f3n o supresi\u00f3n:<\/b><span style=\"font-weight: 400;\"> permite corregir errores y modificar los datos que resulten ser inexactos o incompletos.<\/span><\/li>\r\n<li style=\"font-weight: 400;\" aria-level=\"1\"><b>Derecho de cancelaci\u00f3n:<\/b><span style=\"font-weight: 400;\"> permite que se supriman los datos que sean inadecuados o excesivos.<\/span><\/li>\r\n<li style=\"font-weight: 400;\" aria-level=\"1\"><b>Derecho de oposici\u00f3n:<\/b><span style=\"font-weight: 400;\"> derecho del interesado a que no se lleve a cabo el tratamiento de sus datos de car\u00e1cter personal o se cese en el mismo.<\/span><\/li>\r\n<li style=\"font-weight: 400;\" aria-level=\"1\"><b>Limitaci\u00f3n del tratamiento:<\/b><span style=\"font-weight: 400;\"> comporta el marcado de los datos personales conservados, con la finalidad de limitar su futuro tratamiento, para el ejercicio o la defensa de reclamaciones.<\/span><\/li>\r\n<li style=\"font-weight: 400;\" aria-level=\"1\"><b>Portabilidad de los datos:<\/b><span style=\"font-weight: 400;\"> facilitaci\u00f3n de los datos objeto de tratamiento al interesado, para que este pueda transmitirlos a otro responsable, sin impedimentos.<\/span><\/li>\r\n<li style=\"font-weight: 400;\" aria-level=\"1\"><b>Derecho a no ser objeto de decisiones individuales automatizadas (incluida la elaboraci\u00f3n de perfiles):<\/b><span style=\"font-weight: 400;\"> derecho a no ser objeto de una decisi\u00f3n basada en el tratamiento automatizado que produzca efectos o afecte significativamente.<\/span><\/li>\r\n<\/ul>\r\n<p><span style=\"font-weight: 400;\">Como usuario, tiene derecho a retirar el consentimiento dado en cualquier momento. La retirada del consentimiento no afectar\u00e1 a la licitud del tratamiento efectuado antes de la retirada del consentimiento.<\/span><\/p>\r\n<p><span style=\"font-weight: 400;\">Tambi\u00e9n tiene derecho a presentar una reclamaci\u00f3n ante la autoridad de control si considera que pueden haberse visto vulnerados sus derechos en relaci\u00f3n a la protecci\u00f3n de sus datos (aepd.es).<\/span><\/p>\r\n<p>&nbsp;<\/p>\r\n<p><b>MEDIDAS DE SEGURIDAD:<\/b><\/p>\r\n<p><span style=\"font-weight: 400;\">Los datos que nos facilite se tratar\u00e1n de forma confidencial. El prestador ha adoptado todas las medidas t\u00e9cnicas y organizativas y todos los niveles de protecci\u00f3n necesarios para garantizar la seguridad en el tratamiento de los datos y evitar su alteraci\u00f3n, p\u00e9rdida, robo, tratamiento o acceso no autorizado, de acuerdo al estado de la tecnolog\u00eda y naturaleza de los datos almacenados. As\u00ed mismo, se garantiza tambi\u00e9n que el tratamiento y registro en ficheros, programas, sistemas o equipos, locales y centros cumplen con los requisitos y condiciones de integridad y seguridad establecidas en la normativa vigente.<\/span><\/p>\r\n<p>&nbsp;<\/p>\r\n<p><b>IDIOMA<\/b><\/p>\r\n<p><span style=\"font-weight: 400;\">El idioma aplicable a esta pol\u00edtica de privacidad es el espa\u00f1ol. Por tanto, en caso de que hubiera alguna contradicci\u00f3n en alguna de las versiones facilitadas en otros idiomas, prevalecer\u00e1 la versi\u00f3n en espa\u00f1ol.<\/span><\/p>\r\n<p>&nbsp;<\/p>\r\n<p><b>AN\u00c1LISIS DE PERFILES<\/b><\/p>\r\n<p><span style=\"font-weight: 400;\">La informaci\u00f3n facilitada en los diferentes formularios, durante la interacci\u00f3n con el web y cualquier otro dato facilitado durante la navegaci\u00f3n, incluyendo la informaci\u00f3n suministrada por las cookies en relaci\u00f3n a los h\u00e1bitos de navegaci\u00f3n, comporta la aceptaci\u00f3n al tratamiento de estos datos, para ser segmentados o categorizados con la finalidad de aplicarlos a la actividad relacionada con la gesti\u00f3n de administraci\u00f3n general, informaci\u00f3n, comercializaci\u00f3n de espacios publicitarios, elaboraci\u00f3n de perfiles, an\u00e1lisis de propuestas solicitadas por los usuarios \/ clientes, estudio estad\u00edstico de los servicios y contenidos utilizados, gustos y preferencias, encuestas o formularios. Los datos utilizados en la elaboraci\u00f3n de estos perfiles no son datos que permitan identificar a los usuarios sino que solo muestran en una gr\u00e1fica el tipo de p\u00fablico que interact\u00faa con el web, edad, pa\u00eds, g\u00e9nero, etc.<\/span><\/p>\r\n<p><span style=\"font-weight: 400;\">El usuario que acceda a este web, consiente expl\u00edcitamente la utilizaci\u00f3n de esta informaci\u00f3n gen\u00e9rica para tareas de elaboraci\u00f3n de perfiles, segmentaci\u00f3n y categorizaci\u00f3n de datos para los fines descritos en el apartado anterior.<\/span><\/p>\r\n<p>&nbsp;<\/p>\r\n<p><b>REDES SOCIALES<\/b><\/p>\r\n<p><span style=\"font-weight: 400;\">Le informamos que <b>COTINFANT S.L.<\/b><\/span><span style=\"font-weight: 400;\"> puede tener presencia en redes sociales. El tratamiento de los datos que se lleve a cabo de las personas que se hagan seguidoras en las redes sociales (y \/ o realicen cualquier v\u00ednculo o acci\u00f3n de conexi\u00f3n a trav\u00e9s de las redes sociales) de las p\u00e1ginas oficiales de <b>COTINFANT S.L.<\/b><\/span><span style=\"font-weight: 400;\">\u00a0se regir\u00e1 por este apartado, as\u00ed como por aquellas condiciones de uso, pol\u00edticas de privacidad y normativas de acceso que pertenezcan a la red social que proceda en cada caso y aceptadas previamente por el usuario.<\/span><\/p>\r\n<p><span style=\"font-weight: 400;\"><b>COTINFANT S.L.<\/b> tratar\u00e1 sus datos con las finalidades de administrar correctamente su presencia en la red social, informando de actividades, productos o servicios del prestador, as\u00ed como para cualquier otra finalidad que las normativas de las Redes Sociales permitan.<\/span><\/p>\r\n<p><span style=\"font-weight: 400;\">Queda prohibida la publicaci\u00f3n de contenidos:<\/span><\/p>\r\n<ul>\r\n<li style=\"font-weight: 400;\" aria-level=\"1\"><span style=\"font-weight: 400;\">Que sean presuntamente il\u00edcitos por la normativa nacional, comunitaria o internacional o que realicen actividades presuntamente il\u00edcitas o contravengan los principios de la buena fe.<\/span><\/li>\r\n<li style=\"font-weight: 400;\" aria-level=\"1\"><span style=\"font-weight: 400;\">Que atenten contra los derechos fundamentales de las personas, falten a la cortes\u00eda en la red, molesten o puedan generar opiniones negativas en nuestros usuarios o terceros y en general cualesquiera sean los contenidos que <b>COTINFANT S.L.<\/b><\/span><span style=\"font-weight: 400;\">\u00a0considere inapropiados.<\/span><\/li>\r\n<li style=\"font-weight: 400;\" aria-level=\"1\"><span style=\"font-weight: 400;\">Y en general que contravengan los principios de legalidad, honradez, responsabilidad, protecci\u00f3n de la dignidad humana, protecci\u00f3n de menores, protecci\u00f3n del orden p\u00fablico, la protecci\u00f3n de la vida privada, la protecci\u00f3n del consumidor y los derechos de propiedad intelectual e industrial.<\/span><\/li>\r\n<\/ul>\r\n<p><span style=\"font-weight: 400;\">As\u00ed mismo, <b>COTINFANT S.L.<\/b><\/span><span style=\"font-weight: 400;\">\u00a0se reserva la potestad de retirar, sin previo aviso del sitio web o de la red social corporativa aquellos contenidos que se consideren inadecuados.<\/span><\/p>\r\n<p><span style=\"font-weight: 400;\">En todo caso, si Vd. remite informaci\u00f3n personal a trav\u00e9s de la red social, <b>COTINFANT S.L.<\/b><\/span><span style=\"font-weight: 400;\">\u00a0quedar\u00e1 exento de responsabilidad en relaci\u00f3n a las medidas de seguridad aplicables a la presente plataforma y el usuario, en caso de querer conocerlas, debe consultar las correspondientes condiciones particulares de la red en cuesti\u00f3n.<\/span><\/p>\r\n<p>&nbsp;<\/p>\r\n<p><b>ENV\u00cdO DE CV<\/b><\/p>\r\n<p><span style=\"font-weight: 400;\">En el caso de que el usuario env\u00ede su CV a trav\u00e9s de nuestro web, le informamos que los datos aportados ser\u00e1n tratados para hacerle part\u00edcipe de los procesos de selecci\u00f3n que pueda haber, llevando a cabo un an\u00e1lisis del perfil del solicitante con el objetivo de seleccionar el mejor candidato para el puesto vacante del Responsable. Informamos que este es el \u00fanico procedimiento oficial para aceptar su curr\u00edculum, de manera que no se aceptar\u00e1n los curr\u00edculums remitidos por otro procedimiento diferente. En caso de producirse alguna modificaci\u00f3n en los datos, le rogamos nos lo comunique por escrito lo antes posible, a fin de mantener sus datos debidamente actualizados.<\/span><\/p>\r\n<p><span style=\"font-weight: 400;\">Los datos se conservar\u00e1n durante un plazo m\u00e1ximo de un a\u00f1o transcurrido el cual se proceder\u00e1 a la supresi\u00f3n de los datos garantizando un total respeto a la confidencialidad tanto en el tratamiento como en su posterior destrucci\u00f3n. En este sentido, transcurrido dicho plazo, y si desea continuar participando en los procesos de selecci\u00f3n del Responsable, le rogamos nos remita nuevamente su curr\u00edculum.<\/span><\/p>\r\n<p><span style=\"font-weight: 400;\">Los datos se podr\u00e1n tratar y\/o comunicar a las empresas integrantes de nuestro grupo durante el tiempo de conservaci\u00f3n de su curr\u00edculum y para los mismos fines antes informados.<\/span><\/p>\r\n<p>&nbsp;<\/p>\r\n<p><b>PUBLICACI\u00d3N DE SU TESTIMONIO<\/b><\/p>\r\n<p><span style=\"font-weight: 400;\">En el caso de que el usuario desee publicar su opini\u00f3n en la web, le informamos que los datos aportados ser\u00e1n tratados para atender las sugerencias propuestas, experiencias u opiniones respecto de los productos y\/o servicios para ser publicadas en la p\u00e1gina web y as\u00ed poder ayudar a otros usuarios. Los datos se conservar\u00e1n mientras haya un inter\u00e9s mutuo para mantener el fin del tratamiento y cuando ya no sea necesario para tal fin, se suprimir\u00e1n con medidas de seguridad adecuadas para garantizar la pseudonimizaci\u00f3n de los datos o destrucci\u00f3n total de los mismos. Los testimonios se publicar\u00e1n en nuestra p\u00e1gina web. El \u00fanico dato personal que se publicar\u00e1 del testimonio ser\u00e1 su nombre.<\/span><\/p>\r\n<p>&nbsp;<\/p>\r\n<p><b>CAMBIOS EN LA PRESENTE POL\u00cdTICA DE PRIVACIDAD:<\/b><\/p>\r\n<p><span style=\"font-weight: 400;\"><b>COTINFANT S.L.<\/b> se reserva el derecho a modificar la presente pol\u00edtica para adaptarla a novedades legislativas o jurisprudenciales.<\/span><\/p>\r\n<p>&nbsp;<\/p>\r\n<p><b>REVOCABILIDAD<\/b><\/p>\r\n<p><span style=\"font-weight: 400;\">El consentimiento prestado, tanto para el tratamiento como para la cesi\u00f3n de los datos de los interesados, es revocable en cualquier momento comunic\u00e1ndolo a <b>COTINFANT S.L.<\/b><\/span><span style=\"font-weight: 400;\">\u00a0en los t\u00e9rminos que establece esta Pol\u00edtica para el ejercicio de los derechos. Esta revocaci\u00f3n en ning\u00fan caso tendr\u00e1 car\u00e1cter retroactivo.<\/span><\/p>\r\n<p>&nbsp;<\/p>\r\n<p><b>LEGISLACI\u00d3N<\/b><\/p>\r\n<p><span style=\"font-weight: 400;\">Con car\u00e1cter general las relaciones entre <b>COTINFANT S.L.<\/b><\/span><span style=\"font-weight: 400;\">\u00a0con los Usuarios de sus servicios telem\u00e1ticos, presentes en esta web, est\u00e1n sometidos a la legislaci\u00f3n y jurisdicci\u00f3n espa\u00f1ola a la que se someten expresamente las partes, siendo competentes para la resoluci\u00f3n de todos los conflictos derivados o relacionados con su uso los Juzgados y Tribunales de Barcelona.<\/span><\/p>\r\n<h2>\u00a0<\/h2>\r\n[\/vc_column_text][\/vc_column][\/vc_row]","protected":false},"excerpt":{"rendered":"<p>[vc_row type=\u00bbin_container\u00bb full_screen_row_position=\u00bbmiddle\u00bb column_margin=\u00bbdefault\u00bb column_direction=\u00bbdefault\u00bb column_direction_tablet=\u00bbdefault\u00bb column_direction_phone=\u00bbdefault\u00bb scene_position=\u00bbcenter\u00bb text_color=\u00bbdark\u00bb text_align=\u00bbleft\u00bb row_border_radius=\u00bbnone\u00bb row_border_radius_applies=\u00bbbg\u00bb overflow=\u00bbvisible\u00bb overlay_strength=\u00bb0.3&#8243; gradient_direction=\u00bbleft_to_right\u00bb shape_divider_position=\u00bbbottom\u00bb bg_image_animation=\u00bbnone\u00bb][vc_column column_padding=\u00bbno-extra-padding\u00bb column_padding_tablet=\u00bbinherit\u00bb column_padding_phone=\u00bbinherit\u00bb column_padding_position=\u00bball\u00bb column_element_direction_desktop=\u00bbdefault\u00bb column_element_spacing=\u00bbdefault\u00bb desktop_text_alignment=\u00bbdefault\u00bb tablet_text_alignment=\u00bbdefault\u00bb phone_text_alignment=\u00bbdefault\u00bb background_color_opacity=\u00bb1&#8243; background_hover_color_opacity=\u00bb1&#8243; column_backdrop_filter=\u00bbnone\u00bb column_shadow=\u00bbnone\u00bb&#8230;<\/p>\n","protected":false},"author":2,"featured_media":0,"parent":0,"menu_order":0,"comment_status":"closed","ping_status":"open","template":"","meta":{"inline_featured_image":false,"footnotes":""},"class_list":["post-3","page","type-page","status-publish"],"_links":{"self":[{"href":"https:\/\/cotinfant.com\/infant\/wp-json\/wp\/v2\/pages\/3"}],"collection":[{"href":"https:\/\/cotinfant.com\/infant\/wp-json\/wp\/v2\/pages"}],"about":[{"href":"https:\/\/cotinfant.com\/infant\/wp-json\/wp\/v2\/types\/page"}],"author":[{"embeddable":true,"href":"https:\/\/cotinfant.com\/infant\/wp-json\/wp\/v2\/users\/2"}],"replies":[{"embeddable":true,"href":"https:\/\/cotinfant.com\/infant\/wp-json\/wp\/v2\/comments?post=3"}],"version-history":[{"count":4,"href":"https:\/\/cotinfant.com\/infant\/wp-json\/wp\/v2\/pages\/3\/revisions"}],"predecessor-version":[{"id":1431,"href":"https:\/\/cotinfant.com\/infant\/wp-json\/wp\/v2\/pages\/3\/revisions\/1431"}],"wp:attachment":[{"href":"https:\/\/cotinfant.com\/infant\/wp-json\/wp\/v2\/media?parent=3"}],"curies":[{"name":"wp","href":"https:\/\/api.w.org\/{rel}","templated":true}]}}