{"id":156,"date":"2024-05-16T13:37:32","date_gmt":"2024-05-16T13:37:32","guid":{"rendered":"https:\/\/cotinfant.com\/infant\/?page_id=156"},"modified":"2024-10-03T14:01:00","modified_gmt":"2024-10-03T14:01:00","slug":"politica-de-cookies","status":"publish","type":"page","link":"https:\/\/cotinfant.com\/infant\/politica-de-cookies\/","title":{"rendered":"Pol\u00edtica de cookies"},"content":{"rendered":"[vc_row type=\u00bbin_container\u00bb full_screen_row_position=\u00bbmiddle\u00bb column_margin=\u00bbdefault\u00bb column_direction=\u00bbdefault\u00bb column_direction_tablet=\u00bbdefault\u00bb column_direction_phone=\u00bbdefault\u00bb scene_position=\u00bbcenter\u00bb text_color=\u00bbdark\u00bb text_align=\u00bbleft\u00bb row_border_radius=\u00bbnone\u00bb row_border_radius_applies=\u00bbbg\u00bb overflow=\u00bbvisible\u00bb overlay_strength=\u00bb0.3&#8243; gradient_direction=\u00bbleft_to_right\u00bb shape_divider_position=\u00bbbottom\u00bb bg_image_animation=\u00bbnone\u00bb][vc_column column_padding=\u00bbno-extra-padding\u00bb column_padding_tablet=\u00bbinherit\u00bb column_padding_phone=\u00bbinherit\u00bb column_padding_position=\u00bball\u00bb column_element_direction_desktop=\u00bbdefault\u00bb column_element_spacing=\u00bbdefault\u00bb desktop_text_alignment=\u00bbdefault\u00bb tablet_text_alignment=\u00bbdefault\u00bb phone_text_alignment=\u00bbdefault\u00bb background_color_opacity=\u00bb1&#8243; background_hover_color_opacity=\u00bb1&#8243; column_backdrop_filter=\u00bbnone\u00bb column_shadow=\u00bbnone\u00bb column_border_radius=\u00bbnone\u00bb column_link_target=\u00bb_self\u00bb column_position=\u00bbdefault\u00bb gradient_direction=\u00bbleft_to_right\u00bb overlay_strength=\u00bb0.3&#8243; width=\u00bb1\/1&#8243; tablet_width_inherit=\u00bbdefault\u00bb animation_type=\u00bbdefault\u00bb bg_image_animation=\u00bbnone\u00bb border_type=\u00bbsimple\u00bb column_border_width=\u00bbnone\u00bb column_border_style=\u00bbsolid\u00bb][vc_column_text text_direction=\u00bbdefault\u00bb]<b>INTRODUCCI\u00d3N<\/b><\/p>\n<p><span style=\"font-weight: 400;\">La web de <\/span><b>COTINFANT S.L.<\/b><span style=\"font-weight: 400;\">\u00a0utiliza cookies propias y de terceros. Una cookie es un archivo que se descarga en su ordenador al acceder a determinadas p\u00e1ginas web. Las cookies permiten a una p\u00e1gina web, entre otras cosas, almacenar y recuperar informaci\u00f3n sobre los h\u00e1bitos de navegaci\u00f3n de un usuario o de su equipo y, dependiendo de la informaci\u00f3n que contengan y de la forma en que utilice su equipo, se pueden utilizar para reconocer al usuario. Las cookies se asocian \u00fanicamente a un usuario an\u00f3nimo y su ordenador o dispositivo y no proporcionan referencias que permitan conocer sus datos personales.<\/span><\/p>\n<p><span style=\"font-weight: 400;\">El usuario puede, en todo momento, aceptar o rechazar las cookies instaladas que no sean estrictamente necesarias para el correcto funcionamiento de la web y el acceso del Usuario a sus servicios, a trav\u00e9s del panel de ajuste de cookies proporcionado a trav\u00e9s de nuestra web. Asimismo, podr\u00e1 configurar su navegador en todo momento sin que ello perjudique la posibilidad del Usuario de acceder a los contenidos. No obstante, le informamos de que el hecho de rechazar las cookies puede disminuir el buen funcionamiento de la web.<\/span><\/p>\n<p><b>COOKIES AFECTADAS POR LA NORMATIVA Y COOKIES EXENTAS<\/b><\/p>\n<p><span style=\"font-weight: 400;\">Seg\u00fan la directiva de la UE, las cookies que requieren el consentimiento informado por parte del usuario son las cookies de anal\u00edtica y las de publicidad y afiliaci\u00f3n, quedando exceptuadas las de car\u00e1cter t\u00e9cnico y las necesarias para el funcionamiento del sitio web o la prestaci\u00f3n de servicios expresamente demandados por el usuario.<\/span><\/p>\n<p><b>TIPOS DE COOKIES<\/b><\/p>\n<ol>\n<li><span style=\"font-weight: 400;\">a) Seg\u00fan la entidad que las gestione, hay cookies propias (aquellas que se env\u00edan al equipo terminal del usuario desde un equipo o dominio gestionado por el propio editor y desde el cual se presta el servicio solicitado por el usuario) y de terceros (las que se env\u00edan al equipo terminal del usuario desde un equipo o dominio que no es gestionado por el editor, sino por otra entidad que trata los datos obtenidos mediante las cookies).<\/span><\/li>\n<li><span style=\"font-weight: 400;\">b) Seg\u00fan el tiempo que permanecen activas, hay las de sesi\u00f3n (dise\u00f1adas para recabar y almacenar datos mientras el usuario accede a una p\u00e1gina web) y las persistentes (en las que los datos se almacenan en el terminal y pueden ser accedidos y tratados durante un per\u00edodo definido por el responsable de las cookies. Puede ir de unos minutos a varios a\u00f1os).<\/span><\/li>\n<li><span style=\"font-weight: 400;\">c) Seg\u00fan la finalidad para la que tratan la informaci\u00f3n que recopilan, pueden ser:<\/span><\/li>\n<\/ol>\n<ul>\n<li style=\"font-weight: 400;\" aria-level=\"1\"><span style=\"font-weight: 400;\">Cookies t\u00e9cnicas (necesarias para el uso del web y la prestaci\u00f3n del servicio contratado),<\/span><\/li>\n<li style=\"font-weight: 400;\" aria-level=\"1\"><span style=\"font-weight: 400;\">Cookies de personalizaci\u00f3n (que permiten al usuario acceder al servicio con caracter\u00edsticas predefinidas, como el idioma, tipo de navegador, configuraci\u00f3n regional, etc.),<\/span><\/li>\n<li style=\"font-weight: 400;\" aria-level=\"1\"><span style=\"font-weight: 400;\">Cookies de an\u00e1lisis (recogen informaci\u00f3n sobre el uso que se realiza del web),<\/span><\/li>\n<li style=\"font-weight: 400;\" aria-level=\"1\"><span style=\"font-weight: 400;\">Cookies publicitarias (recogen informaci\u00f3n sobre las preferencias y elecciones personales de los usuarios),<\/span><\/li>\n<li style=\"font-weight: 400;\" aria-level=\"1\"><span style=\"font-weight: 400;\">Cookies de afiliados (permiten hacer un seguimiento de las visitas procedentes de otras webs, con las que el sitio web establece un contrato de afiliaci\u00f3n).<\/span><\/li>\n<\/ul>\n<p><b>TIPOS DE COOKIES UTILIZADAS EN ESTE SITIO WEB<\/b><\/p>\n<p><b>Necesarias<\/b><\/p>\n<p><span style=\"font-weight: 400;\">Las cookies necesarias son cruciales para las funciones b\u00e1sicas del sitio web y el sitio web no funcionar\u00e1 de la manera prevista sin ellas. Estas cookies no almacenan ning\u00fan dato de identificaci\u00f3n personal.<\/span><\/p>\n<p><b>Funcionales<\/b><\/p>\n<p><span style=\"font-weight: 400;\">Las cookies funcionales ayudan a realizar determinadas funcionalidades como compartir el contenido del sitio web en las plataformas de redes sociales, recopilar comentarios y otras funciones de terceros.<\/span><\/p>\n<p><b>Anal\u00edticas<\/b><\/p>\n<p><span style=\"font-weight: 400;\">Las cookies anal\u00edticas se utilizan para entender c\u00f3mo interact\u00faan los visitantes con el sitio web. Estas cookies ayudan a proporcionar informaci\u00f3n sobre m\u00e9tricas, el n\u00famero de visitantes, el porcentaje de rebote, la fuente de tr\u00e1fico, etc.<\/span><\/p>\n<p><span style=\"font-weight: 400;\">Mientras navega por nuestra web, pueden almacenarse en su navegador las cookies de nuestras redes sociales. A continuaci\u00f3n, se explican los enlaces sobre las cookies de las redes sociales que utilizamos en esta web:<\/span><\/p>\n<ul>\n<li style=\"font-weight: 400;\" aria-level=\"1\"><span style=\"font-weight: 400;\">Cookies de Facebook, ver m\u00e1s informaci\u00f3n en su<\/span><a href=\"https:\/\/www.facebook.com\/policies\/cookies\/\"> <span style=\"font-weight: 400;\">pol\u00edtica de cookies<\/span><\/a><\/li>\n<li style=\"font-weight: 400;\" aria-level=\"1\"><span style=\"font-weight: 400;\">Cookies de \u201cX\u201d, ver m\u00e1s informaci\u00f3n en su pol\u00edtica de cookies<\/span><\/li>\n<li style=\"font-weight: 400;\" aria-level=\"1\"><span style=\"font-weight: 400;\">Cookies de Instagram, ver m\u00e1s informaci\u00f3n en su<\/span><a href=\"https:\/\/help.instagram.com\/1896641480634370?ref=ig\"> <span style=\"font-weight: 400;\">pol\u00edtica de cookies<\/span><\/a><\/li>\n<li style=\"font-weight: 400;\" aria-level=\"1\"><span style=\"font-weight: 400;\">Cookies de Linkedin, ver m\u00e1s informaci\u00f3n en su<\/span><a href=\"https:\/\/www.linkedin.com\/legal\/cookie-policy\"> <span style=\"font-weight: 400;\">pol\u00edtica de cookies<\/span><\/a><\/li>\n<li style=\"font-weight: 400;\" aria-level=\"1\"><span style=\"font-weight: 400;\">Cookies de Pinterest, ver m\u00e1s informaci\u00f3n en su pol\u00edtica de cookies<\/span><\/li>\n<li style=\"font-weight: 400;\" aria-level=\"1\"><span style=\"font-weight: 400;\">Cookies de Youtube, ver m\u00e1s informaci\u00f3n en su<\/span><a href=\"https:\/\/www.youtube.com\/static?template=privacy_guidelines\"> <span style=\"font-weight: 400;\">pol\u00edtica de cookies<\/span><\/a><\/li>\n<li style=\"font-weight: 400;\" aria-level=\"1\"><span style=\"font-weight: 400;\">Cookies de TikTok, ver m\u00e1s informaci\u00f3n en su pol\u00edtica de cookies<\/span><\/li>\n<\/ul>\n<p><b>REVOCACI\u00d3N<\/b><\/p>\n<p><span style=\"font-weight: 400;\">En todo momento podr\u00e1 acceder a la configuraci\u00f3n de su navegador aceptando o rechazando todas las cookies, o bien seleccionar aquellas que la instalaci\u00f3n admite y las que no, siguiendo uno de los siguientes procedimientos, que depende del navegador que utilice:<\/span><\/p>\n<ul>\n<li style=\"font-weight: 400;\" aria-level=\"1\"><b>Google Chrome<\/b><span style=\"font-weight: 400;\"> (en el Men\u00fa Herramientas): Configuraci\u00f3n &gt; Mostrar opciones avanzadas &gt; Privacidad (Configuraci\u00f3n de contenido) &gt; Cookies:<\/span><a href=\"https:\/\/support.google.com\/chrome\/answer\/95647?co=GENIE.Platform%3DDesktopandhl=es\"> <span style=\"font-weight: 400;\">https:\/\/support.google.com\/chrome\/answer\/95647?co=GENIE.Platform%3DDesktopandhl=es<\/span><\/a><\/li>\n<li style=\"font-weight: 400;\" aria-level=\"1\"><b>Microsoft Edge<\/b><span style=\"font-weight: 400;\"> (en el Men\u00fa Configuraci\u00f3n): Configuraci\u00f3n &gt; Cookies y permisos del sitio: edge:\/\/settings\/content\/cookies<\/span><\/li>\n<li style=\"font-weight: 400;\" aria-level=\"1\"><b>Firefox<\/b><span style=\"font-weight: 400;\">: Opciones &gt; Privacidad &gt; Cookies:<\/span><a href=\"https:\/\/support.mozilla.org\/es\/kb\/habilitar-y-deshabilitar-cookies-sitios-web-rastrear-preferencias\"> <span style=\"font-weight: 400;\">https:\/\/support.mozilla.org\/es\/kb\/habilitar-y-deshabilitar-cookies-sitios-web-rastrear-preferencias<\/span><\/a><\/li>\n<li style=\"font-weight: 400;\" aria-level=\"1\"><b>Opera<\/b><span style=\"font-weight: 400;\">: Configuraci\u00f3n &gt; Opciones &gt; Avanzada &gt; Cookies:<\/span><a href=\"http:\/\/help.opera.com\/Windows\/12.00\/es-ES\/cookies.html\"> <span style=\"font-weight: 400;\">http:\/\/help.opera.com\/Windows\/12.00\/es-ES\/cookies.html<\/span><\/a><\/li>\n<\/ul>\n<p><span style=\"font-weight: 400;\">Estos navegadores est\u00e1n sujetos a actualizaciones o modificaciones, por lo que no podemos garantizar que se ajusten completamente a la versi\u00f3n de su navegador. Tambi\u00e9n puede ser que utilice otro navegador no contemplado en estos enlaces como Konqueror, Arora, Flock, etc. Para evitar estos desajustes, puede acceder directamente desde las opciones de su navegador, generalmente en el men\u00fa de \u201cOpciones\u201d en la secci\u00f3n de \u201cPrivacidad\u201d. (Por favor, consulte la ayuda de su navegador para m\u00e1s informaci\u00f3n).<\/span><\/p>\n<p><b>CAMBIOS EN LA PRESENTE POL\u00cdTICA DE COOKIES<\/b><\/p>\n<p><b>DESACTIVACI\u00d3N\/ACTIVACI\u00d3N Y ELIMINACI\u00d3N DE COOKIES<\/b><\/p>\n<p><span style=\"font-weight: 400;\">Para restringir o bloquear las cookies, se hace a trav\u00e9s de la configuraci\u00f3n del navegador.<\/span><\/p>\n<p><span style=\"font-weight: 400;\">Si no desea que los sitios web coloquen ninguna cookie en su equipo, puede adaptar la configuraci\u00f3n del navegador de manera que se le notifique antes de que se coloque ninguna cookie. De la misma manera, puede adaptar la configuraci\u00f3n de manera que el navegador rechace todas las cookies, o \u00fanicamente las cookies de terceros. Tambi\u00e9n puede eliminar cualquiera de las cookies que ya se encuentren en el equipo. Recuerde que deber\u00e1 adaptar por separado la configuraci\u00f3n de cada navegador y equipo que utilice.<\/span><\/p>\n<p><span style=\"font-weight: 400;\">Recuerde que si no desea recibir cookies, ya no podremos garantizar que nuestro sitio web funcione correctamente. Puede que algunas funciones del sitio se pierdan y es posible que ya no pueda ver ciertos sitios web. Adem\u00e1s, rechazar las cookies no significa que ya no vaya a ver anuncios publicitarios. Simplemente los anuncios no se ajustar\u00e1n a sus intereses y se repetir\u00e1n con m\u00e1s frecuencia.<\/span><\/p>\n<p><span style=\"font-weight: 400;\">Cada navegador tiene un m\u00e9todo diferente para adaptar la configuraci\u00f3n. Si es necesario, consulte la funci\u00f3n de ayuda del navegador para establecer la configuraci\u00f3n correcta.<\/span><\/p>\n<p><span style=\"font-weight: 400;\">Para desactivar las cookies en el tel\u00e9fono m\u00f3vil, consulte el manual del dispositivo para obtener m\u00e1s informaci\u00f3n.<\/span><\/p>\n<p><span style=\"font-weight: 400;\">Puede obtener m\u00e1s informaci\u00f3n sobre las cookies en Internet,<\/span><a href=\"http:\/\/www.aboutcookies.org\/\"> <span style=\"font-weight: 400;\">http:\/\/www.aboutcookies.org\/<\/span><\/a><span style=\"font-weight: 400;\">.<\/span><\/p>\n<p><span style=\"font-weight: 400;\">Teniendo en cuenta la forma en que funciona Internet y los sitios web, no siempre contamos con informaci\u00f3n de las cookies que colocan terceras partes a trav\u00e9s de nuestro sitio web. Esto se aplica especialmente a casos en los que nuestra p\u00e1gina web contiene lo que se denominan elementos integrados: textos, documentos, im\u00e1genes o breves pel\u00edculas que se almacenan en otra parte, pero se muestran en nuestro sitio web o mediante el mismo.<\/span><\/p>\n<p><span style=\"font-weight: 400;\">Por tanto, en caso de que se encuentre con este tipo de cookies en este sitio web y no est\u00e9n enumeradas en la lista anterior, le rogamos que nos lo comunique. O bien p\u00f3ngase en contacto directamente con el tercero para pedirle informaci\u00f3n sobre las cookies que coloca, la finalidad y la duraci\u00f3n de la cookie y c\u00f3mo ha garantizado su privacidad.<\/span><\/p>\n<p><b>INFORMACI\u00d3N RELACIONADA CON EL TRATAMIENTO DE DATOS PERSONALES (ART. 13 RGPD)<\/b><\/p>\n<p><b>\u00bfQui\u00e9n es el responsable del tratamiento de sus datos personales?<\/b><\/p>\n<p><span style=\"font-weight: 400;\"><strong>COTINFANT S.L.<\/strong> es el responsable del tratamiento de los datos personales que usted nos proporciona, ubicado en Carretera Malars, s\/n 08510 Roda de Ter (Barcelona) Espa\u00f1a y con NIF B62010764 y correo de contacto cotinfant@cotinfant.com.<\/span><\/p>\n<p><b>\u00bfPara qu\u00e9 utilizamos sus datos personales?<\/b><\/p>\n<p><span style=\"font-weight: 400;\">La informaci\u00f3n recopilada a trav\u00e9s de las cookies propias (cookies de sesi\u00f3n y de entrada de usuario) se suele utilizar para rastrear las acciones del usuario al completar los formularios en l\u00ednea en varias p\u00e1ginas, o como cesta de la compra para hacer el seguimiento de los art\u00edculos que el usuario ha seleccionado al presionar un bot\u00f3n, o para personalizar la interfaz del usuario al visitar la p\u00e1gina web.<\/span><\/p>\n<p><span style=\"font-weight: 400;\">La informaci\u00f3n recopilada a trav\u00e9s de las cookies de terceros es la siguiente:<\/span><\/p>\n<ul>\n<li style=\"font-weight: 400;\" aria-level=\"1\"><span style=\"font-weight: 400;\">A trav\u00e9s de las cookies anal\u00edticas se analizan sus h\u00e1bitos de navegaci\u00f3n para mejorar los servicios prestados;<\/span><\/li>\n<li style=\"font-weight: 400;\" aria-level=\"1\"><span style=\"font-weight: 400;\">A trav\u00e9s de las cookies publicitarias se mide el rendimiento de los anuncios y se proporcionan recomendaciones relativas a productos basadas en datos estad\u00edsticos.<\/span><\/li>\n<\/ul>\n<p><span style=\"font-weight: 400;\">Para ver exactamente el uso de las cookies vea el cuadro sobre el uso de las cookies en el presente documento.<\/span><\/p>\n<p><b>\u00bfCu\u00e1l es la base legal para el tratamiento de sus datos personales?<\/b><\/p>\n<p><span style=\"font-weight: 400;\">La legitimaci\u00f3n para el tratamiento de sus datos personales viene dada por su consentimiento, otorgado en el momento de ponerse en contacto con nosotros, para la utilizaci\u00f3n de cookies anal\u00edticas, de comportamiento y publicitarias; para las cookies de sesi\u00f3n o personalizaci\u00f3n, la legitimaci\u00f3n para el tratamiento viene dada por el inter\u00e9s leg\u00edtimo del proveedor (responsable del tratamiento).<\/span><\/p>\n<p><b>\u00bfA qui\u00e9n comunicamos sus datos?<\/b><\/p>\n<p><span style=\"font-weight: 400;\">No se ceder\u00e1n ni comunicar\u00e1n datos a terceros, excepto por obligaci\u00f3n legal o a los terceros indicados en el caso de uso de cookies gestionadas por estos.<\/span><\/p>\n<p><b>\u00bfCu\u00e1l es el plazo de conservaci\u00f3n de sus datos?<\/b><\/p>\n<p><span style=\"font-weight: 400;\">El plazo de conservaci\u00f3n de los datos recopilados es el indicado en el cuadro sobre el uso de las cookies en el presente documento.<\/span><\/p>\n<p><b>\u00bfCu\u00e1les son sus derechos?<\/b><\/p>\n<p><span style=\"font-weight: 400;\">Los derechos que amparan al usuario son los de acceso, rectificaci\u00f3n, supresi\u00f3n, portabilidad de estos, retirada del consentimiento (sin que esto afecte a la licitud del tratamiento otorgado previamente a su retirada), oposici\u00f3n al tratamiento, limitaci\u00f3n (en determinadas circunstancias) y a presentar una reclamaci\u00f3n ante la autoridad de control (la Agencia Espa\u00f1ola de protecci\u00f3n de datos,<\/span><a href=\"http:\/\/www.aepd.es\"> <span style=\"font-weight: 400;\">www.aepd.es<\/span><\/a><span style=\"font-weight: 400;\">).<\/span>[\/vc_column_text][\/vc_column][\/vc_row]\n","protected":false},"excerpt":{"rendered":"<p>[vc_row type=\u00bbin_container\u00bb full_screen_row_position=\u00bbmiddle\u00bb column_margin=\u00bbdefault\u00bb column_direction=\u00bbdefault\u00bb column_direction_tablet=\u00bbdefault\u00bb column_direction_phone=\u00bbdefault\u00bb scene_position=\u00bbcenter\u00bb text_color=\u00bbdark\u00bb text_align=\u00bbleft\u00bb row_border_radius=\u00bbnone\u00bb row_border_radius_applies=\u00bbbg\u00bb overflow=\u00bbvisible\u00bb overlay_strength=\u00bb0.3&#8243; gradient_direction=\u00bbleft_to_right\u00bb shape_divider_position=\u00bbbottom\u00bb bg_image_animation=\u00bbnone\u00bb][vc_column column_padding=\u00bbno-extra-padding\u00bb column_padding_tablet=\u00bbinherit\u00bb column_padding_phone=\u00bbinherit\u00bb column_padding_position=\u00bball\u00bb column_element_direction_desktop=\u00bbdefault\u00bb column_element_spacing=\u00bbdefault\u00bb desktop_text_alignment=\u00bbdefault\u00bb tablet_text_alignment=\u00bbdefault\u00bb phone_text_alignment=\u00bbdefault\u00bb background_color_opacity=\u00bb1&#8243; background_hover_color_opacity=\u00bb1&#8243; column_backdrop_filter=\u00bbnone\u00bb column_shadow=\u00bbnone\u00bb&#8230;<\/p>\n","protected":false},"author":2,"featured_media":0,"parent":0,"menu_order":0,"comment_status":"closed","ping_status":"closed","template":"","meta":{"inline_featured_image":false,"footnotes":""},"class_list":["post-156","page","type-page","status-publish"],"_links":{"self":[{"href":"https:\/\/cotinfant.com\/infant\/wp-json\/wp\/v2\/pages\/156"}],"collection":[{"href":"https:\/\/cotinfant.com\/infant\/wp-json\/wp\/v2\/pages"}],"about":[{"href":"https:\/\/cotinfant.com\/infant\/wp-json\/wp\/v2\/types\/page"}],"author":[{"embeddable":true,"href":"https:\/\/cotinfant.com\/infant\/wp-json\/wp\/v2\/users\/2"}],"replies":[{"embeddable":true,"href":"https:\/\/cotinfant.com\/infant\/wp-json\/wp\/v2\/comments?post=156"}],"version-history":[{"count":6,"href":"https:\/\/cotinfant.com\/infant\/wp-json\/wp\/v2\/pages\/156\/revisions"}],"predecessor-version":[{"id":2886,"href":"https:\/\/cotinfant.com\/infant\/wp-json\/wp\/v2\/pages\/156\/revisions\/2886"}],"wp:attachment":[{"href":"https:\/\/cotinfant.com\/infant\/wp-json\/wp\/v2\/media?parent=156"}],"curies":[{"name":"wp","href":"https:\/\/api.w.org\/{rel}","templated":true}]}}