{"id":153,"date":"2024-05-16T13:36:52","date_gmt":"2024-05-16T13:36:52","guid":{"rendered":"https:\/\/cotinfant.com\/infant\/?page_id=153"},"modified":"2024-07-30T13:27:10","modified_gmt":"2024-07-30T13:27:10","slug":"aviso-legal","status":"publish","type":"page","link":"https:\/\/cotinfant.com\/infant\/aviso-legal\/","title":{"rendered":"Aviso legal"},"content":{"rendered":"[vc_row type=\u00bbin_container\u00bb full_screen_row_position=\u00bbmiddle\u00bb column_margin=\u00bbdefault\u00bb column_direction=\u00bbdefault\u00bb column_direction_tablet=\u00bbdefault\u00bb column_direction_phone=\u00bbdefault\u00bb scene_position=\u00bbcenter\u00bb text_color=\u00bbdark\u00bb text_align=\u00bbleft\u00bb row_border_radius=\u00bbnone\u00bb row_border_radius_applies=\u00bbbg\u00bb overflow=\u00bbvisible\u00bb overlay_strength=\u00bb0.3&#8243; gradient_direction=\u00bbleft_to_right\u00bb shape_divider_position=\u00bbbottom\u00bb bg_image_animation=\u00bbnone\u00bb][vc_column column_padding=\u00bbno-extra-padding\u00bb column_padding_tablet=\u00bbinherit\u00bb column_padding_phone=\u00bbinherit\u00bb column_padding_position=\u00bball\u00bb column_element_direction_desktop=\u00bbdefault\u00bb column_element_spacing=\u00bbdefault\u00bb desktop_text_alignment=\u00bbdefault\u00bb tablet_text_alignment=\u00bbdefault\u00bb phone_text_alignment=\u00bbdefault\u00bb background_color_opacity=\u00bb1&#8243; background_hover_color_opacity=\u00bb1&#8243; column_backdrop_filter=\u00bbnone\u00bb column_shadow=\u00bbnone\u00bb column_border_radius=\u00bbnone\u00bb column_link_target=\u00bb_self\u00bb column_position=\u00bbdefault\u00bb gradient_direction=\u00bbleft_to_right\u00bb overlay_strength=\u00bb0.3&#8243; width=\u00bb1\/1&#8243; tablet_width_inherit=\u00bbdefault\u00bb animation_type=\u00bbdefault\u00bb bg_image_animation=\u00bbnone\u00bb border_type=\u00bbsimple\u00bb column_border_width=\u00bbnone\u00bb column_border_style=\u00bbsolid\u00bb][vc_column_text text_direction=\u00bbdefault\u00bb]<b>AVISO LEGAL<\/b><\/p>\n<p><span style=\"font-weight: 400;\">Con la finalidad de cumplir con el art\u00edculo 10 de la Ley 34\/2002 de Servicios de la Sociedad de la Informaci\u00f3n y del Comercio Electr\u00f3nico, informamos a los usuarios de nuestros datos:<\/span><\/p>\n<p><span style=\"font-weight: 400;\">Denominaci\u00f3n Social: <\/span><b>COTINFANT S.L.<\/b><b><br \/>\n<\/b><span style=\"font-weight: 400;\">Domicilio Social: Carretera Malars, s\/n 08510 Roda de Ter (Barcelona) Espa\u00f1a<\/span><span style=\"font-weight: 400;\"><br \/>\n<\/span><span style=\"font-weight: 400;\">NIF: B62010764<\/span><span style=\"font-weight: 400;\"><br \/>\n<\/span><span style=\"font-weight: 400;\">Tel\u00e9fono: +34 938 542 100<\/span><span style=\"font-weight: 400;\"><br \/>\n<\/span><span style=\"font-weight: 400;\">E-Mail: castane@cotinfant.com\u00a0<\/span><span style=\"font-weight: 400;\"><br \/>\n<\/span><span style=\"font-weight: 400;\">Sitio Web:<\/span> <a href=\"http:\/\/www.cotinfant.com\"><span style=\"font-weight: 400;\">www.cotinfant.com<\/span><\/a><\/p>\n<ol>\n<li><b> OBJETO<\/b><\/li>\n<\/ol>\n<p><span style=\"font-weight: 400;\"><b>COTINFANT S.L.<\/b> (en adelante tambi\u00e9n el prestador) como responsable del sitio web, pone a disposici\u00f3n de los usuarios el presente documento que regula el uso del sitio web <\/span><a href=\"http:\/\/www.cotinfant.com\"><span style=\"font-weight: 400;\">www.cotinfant.com<\/span><\/a><span style=\"font-weight: 400;\">, con el que pretendemos dar cumplimiento a las obligaciones que dispone la Ley 34\/2002, de Servicios de la Sociedad de la Informaci\u00f3n y del Comercio Electr\u00f3nico (LSSICE o LSSI), as\u00ed como informar a todos los usuarios del sitio web respecto de cu\u00e1les son las condiciones de uso del sitio web.<\/span><\/p>\n<p><span style=\"font-weight: 400;\">A trav\u00e9s de la Web, <b>COTINFANT S.L.<\/b><\/span><span style=\"font-weight: 400;\">\u00a0facilita a los usuarios el acceso y la utilizaci\u00f3n de diferentes servicios y contenidos puestos a disposici\u00f3n a trav\u00e9s de la web.<\/span><\/p>\n<p><span style=\"font-weight: 400;\">Toda persona que acceda a esta web asume el papel de usuario (en adelante usuario), e implica la aceptaci\u00f3n total y sin reservas de todas y cada una de las disposiciones incluidas en este aviso legal, as\u00ed como a cualquier otra disposici\u00f3n legal que sea de aplicaci\u00f3n.<\/span><\/p>\n<p><span style=\"font-weight: 400;\">Como usuarios, deben leer atentamente este Aviso Legal en cualquiera de las ocasiones que entren en la web, pues esta puede sufrir modificaciones ya que el prestador se reserva el derecho a modificar cualquier tipo de informaci\u00f3n que pueda aparecer en la web, sin que exista la obligaci\u00f3n de preaviso o poner en conocimiento de los usuarios estas obligaciones, siendo suficiente la publicaci\u00f3n en la p\u00e1gina web del prestador.<\/span><\/p>\n<ol start=\"2\">\n<li><b> CONDICIONES DE ACCESO Y USO DE LA WEB<\/b><\/li>\n<\/ol>\n<p><b>2.1. Car\u00e1cter gratuito del acceso y uso de la web<\/b><\/p>\n<p><span style=\"font-weight: 400;\">La prestaci\u00f3n de los servicios por parte de <b>COTINFANT S.L.<\/b><\/span><span style=\"font-weight: 400;\">\u00a0tiene car\u00e1cter gratuito para todos los usuarios. No obstante, algunos de los servicios suministrados por el prestador a trav\u00e9s de la web est\u00e1n sujetos al pago de un precio determinado en las condiciones generales de contrataci\u00f3n.<\/span><\/p>\n<p><b>2.2. Registro de Usuarios<\/b><\/p>\n<p><span style=\"font-weight: 400;\">Con car\u00e1cter general la prestaci\u00f3n de los servicios no exige la previa suscripci\u00f3n o registro de los usuarios. No obstante, <b>COTINFANT S.L.<\/b><\/span><span style=\"font-weight: 400;\">\u00a0condiciona el uso de algunos de los servicios a la previa cumplimentaci\u00f3n del correspondiente registro de usuario. Este registro se efectuar\u00e1 en la forma expresamente indicada en la propia secci\u00f3n del servicio.<\/span><\/p>\n<p><b>2.3. Veracidad de la informaci\u00f3n<\/b><\/p>\n<p><span style=\"font-weight: 400;\">Toda la informaci\u00f3n que facilita el usuario debe ser cierta. A estos efectos, el usuario garantiza la autenticidad de los datos comunicados a trav\u00e9s de los formularios para la suscripci\u00f3n de los servicios. Ser\u00e1 responsabilidad del usuario mantener toda la informaci\u00f3n facilitada a <b>COTINFANT S.L.<\/b><\/span><span style=\"font-weight: 400;\">\u00a0permanentemente actualizada de forma que responda, en cada momento, a su situaci\u00f3n real. En todo caso, el usuario ser\u00e1 el \u00fanico responsable de las manifestaciones falsas o inexactas que realice y de los perjuicios que cause al prestador o a terceros.<\/span><\/p>\n<p><b>2.4. Menores de edad<\/b><\/p>\n<p><span style=\"font-weight: 400;\">Para el uso de los servicios, los menores de edad deben obtener siempre previamente el consentimiento de los padres, tutores o representantes legales, responsables \u00faltimos de todos los actos realizados por los menores a su cargo. La responsabilidad en la determinaci\u00f3n de contenidos concretos, a los que acceden los menores corresponde a aquellos, es por eso que si acceden a contenido no apropiados por internet, se deber\u00e1n establecer en sus ordenadores mecanismos, en particular programas inform\u00e1ticos, filtros y bloqueos, que permitan limitar los contenidos disponibles y, aunque no sean infalibles, son de especial utilidad para controlar y restringir los materiales a los que pueden acceder los menores.<\/span><\/p>\n<p><b>2.5. Obligaci\u00f3n de hacer un uso correcto de la Web<\/b><\/p>\n<p><span style=\"font-weight: 400;\">El usuario se compromete a utilizar la web de conformidad a la Ley y al presente Aviso Legal, as\u00ed como a la moral y a las buenas costumbres. A tal efecto, el usuario se abstendr\u00e1 de utilizar la p\u00e1gina con fines il\u00edcitos o prohibidos, lesivos de derechos e intereses de terceros, o que de cualquier forma puedan da\u00f1ar, inutilizar, sobrecargar, deteriorar o impedir la normal utilizaci\u00f3n de equipos inform\u00e1ticos o documentos, archivos y toda clase de contenidos almacenados en cualquier equipo inform\u00e1tico del prestador.<\/span><\/p>\n<p><span style=\"font-weight: 400;\">En particular, y a t\u00edtulo indicativo pero no exhaustivo, el usuario se compromete a no transmitir, difundir o poner a disposici\u00f3n de terceros: informaciones, datos, contenidos, mensajes, gr\u00e1ficas, dibujos, archivos de sonido o imagen, fotograf\u00edas, grabaciones, software y, en general, cualquier clase de material que:<\/span><\/p>\n<p><span style=\"font-weight: 400;\">(a) sea contrario, menosprecie o atente contra los derechos fundamentales y las libertades p\u00fablicas reconocidas constitucionalmente, en tratados internacionales y otras normas vigentes;<\/span><\/p>\n<p><span style=\"font-weight: 400;\">(b) induzca, incite o promueva actuaciones delictivas, denigrantes, difamatorias, violentas o, en general, contrarias a la ley, a la moral y al orden p\u00fablico;<\/span><\/p>\n<p><span style=\"font-weight: 400;\">(c) induzca, incite o promueva actuaciones, actitudes o pensamientos discriminatorios por raz\u00f3n de sexo, raza, religi\u00f3n, creencias, edad o condici\u00f3n;<\/span><\/p>\n<p><span style=\"font-weight: 400;\">(d) sea contrario al derecho al honor, a la intimidad personal o familiar o a la propia imagen de las personas;<\/span><\/p>\n<p><span style=\"font-weight: 400;\">(e) de cualquier manera perjudique la credibilidad del prestador o de terceros; y<\/span><\/p>\n<p><span style=\"font-weight: 400;\">(f) constituya publicidad il\u00edcita, enga\u00f1osa o desleal.<\/span><\/p>\n<ol start=\"3\">\n<li><b> EXCLUSI\u00d3N DE GARANT\u00cdAS Y RESPONSABILIDAD<\/b><\/li>\n<\/ol>\n<p><span style=\"font-weight: 400;\">El prestador se exime de cualquier tipo de responsabilidad derivada de la informaci\u00f3n publicada en nuestro sitio web, siempre que esta informaci\u00f3n haya sido manipulada o introducida por un tercero ajeno.<\/span><\/p>\n<p><span style=\"font-weight: 400;\">Esta web ha sido revisada y probada para que funcione correctamente. En principio, se puede garantizar el correcto funcionamiento los 365 d\u00edas del a\u00f1o, 24 horas al d\u00eda. No obstante, el prestador no descarta la posibilidad de que existan determinados errores de programaci\u00f3n, o que sucedan causas de fuerza mayor, cat\u00e1strofes naturales, huelgas, o circunstancias semejantes que hagan imposible el acceso a la p\u00e1gina web.<\/span><\/p>\n<p><span style=\"font-weight: 400;\"><b>COTINFANT S.L.<\/b> no otorga ninguna garant\u00eda ni se hace responsable, en ning\u00fan caso, de los da\u00f1os y perjuicios de cualquier naturaleza que pudieran surgir a colaci\u00f3n de la falta de disponibilidad, mantenimiento y efectivo funcionamiento de la web o de sus servicios y contenidos; de la existencia de virus, programas maliciosos o lesivos en los contenidos; del uso il\u00edcito, negligente, fraudulento o contrario a este Aviso Legal y condiciones de uso; o de la falta de licitud, calidad, fiabilidad, utilidad y disponibilidad de los servicios prestados por terceros a disposici\u00f3n de los usuarios en nuestro sitio web.<\/span><\/p>\n<p><span style=\"font-weight: 400;\">El prestador no se hace responsable bajo ning\u00fan concepto de los da\u00f1os que puedan dimanar del uso ilegal o indebido de la presente p\u00e1gina web.<\/span><\/p>\n<ol start=\"4\">\n<li><b> COOKIES<\/b><\/li>\n<\/ol>\n<p><span style=\"font-weight: 400;\">El sitio web del prestador puede utilizar cookies (peque\u00f1os archivos de informaci\u00f3n que el servidor env\u00eda al ordenador de quien accede a la p\u00e1gina) para llevar a cabo determinadas funciones que son consideradas imprescindibles para el correcto funcionamiento y visualizaci\u00f3n del sitio. Las cookies utilizadas tienen, en todo caso, car\u00e1cter temporal, con la \u00fanica finalidad de hacer m\u00e1s eficaz la navegaci\u00f3n, y desaparecen al terminar la sesi\u00f3n del usuario. En ning\u00fan caso se utilizar\u00e1n las cookies para recoger informaci\u00f3n de car\u00e1cter personal. Para m\u00e1s informaci\u00f3n, ver nuestra <a href=\"https:\/\/cotinfant.com\/infant\/politica-de-cookies\/\">Pol\u00edtica de Cookies<\/a>.<\/span><\/p>\n<ol start=\"5\">\n<li><b> ENLACES (LINKS)<\/b><\/li>\n<\/ol>\n<p><span style=\"font-weight: 400;\">Desde el sitio web es posible que se redirija a contenidos patrocinados, anuncios y \/ o enlaces de afiliados y \/ o de terceras webs. Entre los enlaces facilitados, hay la posibilidad de informar o hacer referencia a productos y \/ o servicios de terceros. Dado que desde la web no podemos controlar los contenidos introducidos por los terceros, <b>COTINFANT S.L.<\/b><\/span><span style=\"font-weight: 400;\">\u00a0no asume ning\u00fan tipo de responsabilidad respecto a estos contenidos, ni garantiza la experiencia, integridad o calidad de sus productos. En todo caso, el prestador manifiesta que proceder\u00e1 a la retirada inmediata de cualquier contenido que pudiera contravenir la legislaci\u00f3n nacional o internacional, la moral o el orden p\u00fablico, procediendo a la retirada inmediata de la re-direcci\u00f3n a estas webs, poniendo en conocimiento de las autoridades competentes el contenido en cuesti\u00f3n.<\/span><\/p>\n<p><span style=\"font-weight: 400;\"><b>COTINFANT S.L.<\/b> tendr\u00e1 publicados estos enlaces hasta que sean eliminados o suspendidos por el prestador o por el anunciante, y no ser\u00e1 responsable aunque estos anuncios puedan ser indexados por otros buscadores ajenos a este web.<\/span><\/p>\n<p><span style=\"font-weight: 400;\">El prestador no se responsabiliza de la informaci\u00f3n y contenidos almacenados, a t\u00edtulo enunciativo pero no limitativo, en foros, chats, generadores de blogs, comentarios, redes sociales o cualquier otro medio que permita a terceros publicar contenidos de forma independiente en la p\u00e1gina web del prestador. No obstante y en cumplimiento de lo dispuesto en el art. 11 y 16 de la LSSICE, el prestador se pone a disposici\u00f3n de todos los usuarios, autoridades y fuerzas de seguridad, colaborando de forma activa en la retirada o, cuando sea necesario, el bloqueo de todos aquellos contenidos que puedan afectar o contravenir la legislaci\u00f3n nacional o internacional, derechos de terceros o la moral y el orden p\u00fablico. En caso de que el usuario considere que puede existir alg\u00fan contenido que pudiera ser susceptible de esta clasificaci\u00f3n, se ruega lo haga saber de forma inmediata al administrador del sitio web.<\/span><\/p>\n<p><span style=\"font-weight: 400;\">Asimismo, <b>COTINFANT S.L.<\/b><\/span><span style=\"font-weight: 400;\"> informa que cualquier relaci\u00f3n contractual o extracontractual que el usuario formalice con estos terceros, afiliados o anunciantes mediante el enlace proporcionado por este sitio web, ser\u00e1 v\u00e1lido \u00fanicamente y exclusivamente entre el usuario y el anunciante y \/ o tercera persona y <b>COTINFANT S.L.<\/b><\/span><span style=\"font-weight: 400;\">\u00a0no tendr\u00e1 ning\u00fan tipo de responsabilidad sobre los da\u00f1os o perjuicios que pudieran ser ocasionados por la prestaci\u00f3n de servicios y \/ o relaciones contractuales o extracontractuales llevadas a cabo entre el usuario y los anunciantes o terceros contactados a trav\u00e9s de este portal ya que el prestador solo act\u00faa como intermediario o medio publicitario.<\/span><\/p>\n<ol start=\"6\">\n<li><b> PROTECCI\u00d3N DE DATOS PERSONALES<\/b><\/li>\n<\/ol>\n<p><span style=\"font-weight: 400;\">El prestador est\u00e1 profundamente comprometido con el cumplimiento de la normativa de protecci\u00f3n de datos personales y garantiza el cumplimiento \u00edntegro de las obligaciones dispuestas, as\u00ed como la implementaci\u00f3n de las medidas de seguridad dispuestas en el Reglamento Europeo de Protecci\u00f3n de Datos y la normativa espa\u00f1ola de protecci\u00f3n de datos. Para m\u00e1s informaci\u00f3n, ver nuestra Pol\u00edtica de Privacidad.<\/span><\/p>\n<ol start=\"7\">\n<li><b> PROPIEDAD INTELECTUAL E INDUSTRIAL<\/b><\/li>\n<\/ol>\n<p><span style=\"font-weight: 400;\">El sitio web, incluyendo a t\u00edtulo enunciativo pero no limitativo la programaci\u00f3n, edici\u00f3n, compilaci\u00f3n y otros elementos necesarios para su funcionamiento, los dise\u00f1os, logotipos, textos, fotograf\u00edas y \/ o gr\u00e1ficos son propiedad del prestador o, en caso necesario, dispone de la licencia o autorizaci\u00f3n expresa por parte de los autores. Todos los contenidos del sitio web est\u00e1n debidamente protegidos por la normativa de propiedad intelectual e industrial.<\/span><\/p>\n<p><span style=\"font-weight: 400;\">Independientemente de la finalidad para la que fueron destinados, la reproducci\u00f3n total o parcial, uso, distribuci\u00f3n y comunicaci\u00f3n p\u00fablica requieren la autorizaci\u00f3n escrita previa por parte del prestador. Cualquier uso no autorizado previamente por parte del prestador ser\u00e1 considerado un incumplimiento grave de los derechos de propiedad intelectual o industrial del autor.<\/span><\/p>\n<p><span style=\"font-weight: 400;\">Los dise\u00f1os, logotipos, textos y \/ o gr\u00e1ficos ajenos al prestador y que puedan aparecer en el sitio web, pertenecen a sus respectivos propietarios, siendo ellos mismos responsables de cualquier posible controversia que pueda surgir respecto a los mismos. En todo caso, el prestador cuenta con la autorizaci\u00f3n expresa y previa por parte de los mismos.<\/span><\/p>\n<p><span style=\"font-weight: 400;\">El prestador reconoce a favor de sus titulares los correspondientes derechos de propiedad industrial e intelectual, no implicando la menci\u00f3n o aparici\u00f3n en el sitio web, de la existencia de derechos o cualquier responsabilidad del prestador sobre los mismos, como tampoco respaldo, patrocinio o recomendaci\u00f3n por parte del mismo.<\/span><\/p>\n<p><span style=\"font-weight: 400;\">Para realizar cualquier tipo de observaci\u00f3n respecto a posibles incumplimientos de los derechos de propiedad intelectual o industrial, as\u00ed como sobre cualquier contenido del sitio web, puede hacerlo a trav\u00e9s del correo electr\u00f3nico arriba informado.<\/span><\/p>\n<ol start=\"8\">\n<li><b> LEY APLICABLE Y JURISDICCI\u00d3N<\/b><\/li>\n<\/ol>\n<p><span style=\"font-weight: 400;\">Para la resoluci\u00f3n de las controversias o cuestiones relacionadas con el presente sitio web o de las actividades en este desarrolladas, ser\u00e1 de aplicaci\u00f3n la legislaci\u00f3n espa\u00f1ola, a la que se someten expresamente las partes, siendo competentes para la resoluci\u00f3n de todos los conflictos derivados o relacionados con su uso los Juzgados y Tribunales de Barcelona.<\/span><\/p>\n<h2 class=\"fusion-responsive-typography-calculated\" data-fontsize=\"40\" data-lineheight=\"48px\"><\/h2>\n[\/vc_column_text][\/vc_column][\/vc_row]\n","protected":false},"excerpt":{"rendered":"<p>[vc_row type=\u00bbin_container\u00bb full_screen_row_position=\u00bbmiddle\u00bb column_margin=\u00bbdefault\u00bb column_direction=\u00bbdefault\u00bb column_direction_tablet=\u00bbdefault\u00bb column_direction_phone=\u00bbdefault\u00bb scene_position=\u00bbcenter\u00bb text_color=\u00bbdark\u00bb text_align=\u00bbleft\u00bb row_border_radius=\u00bbnone\u00bb row_border_radius_applies=\u00bbbg\u00bb overflow=\u00bbvisible\u00bb overlay_strength=\u00bb0.3&#8243; gradient_direction=\u00bbleft_to_right\u00bb shape_divider_position=\u00bbbottom\u00bb bg_image_animation=\u00bbnone\u00bb][vc_column column_padding=\u00bbno-extra-padding\u00bb column_padding_tablet=\u00bbinherit\u00bb column_padding_phone=\u00bbinherit\u00bb column_padding_position=\u00bball\u00bb column_element_direction_desktop=\u00bbdefault\u00bb column_element_spacing=\u00bbdefault\u00bb desktop_text_alignment=\u00bbdefault\u00bb tablet_text_alignment=\u00bbdefault\u00bb phone_text_alignment=\u00bbdefault\u00bb background_color_opacity=\u00bb1&#8243; background_hover_color_opacity=\u00bb1&#8243; column_backdrop_filter=\u00bbnone\u00bb column_shadow=\u00bbnone\u00bb&#8230;<\/p>\n","protected":false},"author":2,"featured_media":0,"parent":0,"menu_order":0,"comment_status":"closed","ping_status":"closed","template":"","meta":{"inline_featured_image":false,"footnotes":""},"class_list":["post-153","page","type-page","status-publish"],"_links":{"self":[{"href":"https:\/\/cotinfant.com\/infant\/wp-json\/wp\/v2\/pages\/153"}],"collection":[{"href":"https:\/\/cotinfant.com\/infant\/wp-json\/wp\/v2\/pages"}],"about":[{"href":"https:\/\/cotinfant.com\/infant\/wp-json\/wp\/v2\/types\/page"}],"author":[{"embeddable":true,"href":"https:\/\/cotinfant.com\/infant\/wp-json\/wp\/v2\/users\/2"}],"replies":[{"embeddable":true,"href":"https:\/\/cotinfant.com\/infant\/wp-json\/wp\/v2\/comments?post=153"}],"version-history":[{"count":5,"href":"https:\/\/cotinfant.com\/infant\/wp-json\/wp\/v2\/pages\/153\/revisions"}],"predecessor-version":[{"id":998,"href":"https:\/\/cotinfant.com\/infant\/wp-json\/wp\/v2\/pages\/153\/revisions\/998"}],"wp:attachment":[{"href":"https:\/\/cotinfant.com\/infant\/wp-json\/wp\/v2\/media?parent=153"}],"curies":[{"name":"wp","href":"https:\/\/api.w.org\/{rel}","templated":true}]}}