{"id":3034,"date":"2024-05-16T13:37:32","date_gmt":"2024-05-16T13:37:32","guid":{"rendered":"https:\/\/cotinfant.com\/infant\/politica-de-cookies\/"},"modified":"2024-10-11T11:08:44","modified_gmt":"2024-10-11T11:08:44","slug":"politica-de-cookies","status":"publish","type":"page","link":"https:\/\/cotinfant.com\/infant\/pt-pt\/politica-de-cookies\/","title":{"rendered":"Pol\u00edtica de cookies"},"content":{"rendered":"[vc_row type=&#8221;in_container&#8221; full_screen_row_position=&#8221;middle&#8221; column_margin=&#8221;default&#8221; column_direction=&#8221;default&#8221; column_direction_tablet=&#8221;default&#8221; column_direction_phone=&#8221;default&#8221; scene_position=&#8221;center&#8221; text_color=&#8221;dark&#8221; text_align=&#8221;left&#8221; row_border_radius=&#8221;none&#8221; row_border_radius_applies=&#8221;bg&#8221; overflow=&#8221;visible&#8221; overlay_strength=&#8221;0.3&#8243; gradient_direction=&#8221;left_to_right&#8221; shape_divider_position=&#8221;bottom&#8221; bg_image_animation=&#8221;none&#8221;][vc_column column_padding=&#8221;no-extra-padding&#8221; column_padding_tablet=&#8221;inherit&#8221; column_padding_phone=&#8221;inherit&#8221; column_padding_position=&#8221;all&#8221; column_element_direction_desktop=&#8221;default&#8221; column_element_spacing=&#8221;default&#8221; desktop_text_alignment=&#8221;default&#8221; tablet_text_alignment=&#8221;default&#8221; phone_text_alignment=&#8221;default&#8221; background_color_opacity=&#8221;1&#8243; background_hover_color_opacity=&#8221;1&#8243; column_backdrop_filter=&#8221;none&#8221; column_shadow=&#8221;none&#8221; column_border_radius=&#8221;none&#8221; column_link_target=&#8221;_self&#8221; column_position=&#8221;default&#8221; gradient_direction=&#8221;left_to_right&#8221; overlay_strength=&#8221;0.3&#8243; width=&#8221;1\/1&#8243; tablet_width_inherit=&#8221;default&#8221; animation_type=&#8221;default&#8221; bg_image_animation=&#8221;none&#8221; border_type=&#8221;simple&#8221; column_border_width=&#8221;none&#8221; column_border_style=&#8221;solid&#8221;][vc_column_text text_direction=&#8221;default&#8221;]<u>POL\u00cdTICA DE COOKIES<\/u><\/p>\n<p>INTRODU\u00c7\u00c3O<\/p>\n<p>O website da COTINFANT S.L. utiliza cookies pr\u00f3prios e de terceiros. Um cookie \u00e9 um ficheiro que \u00e9 transferido para o seu computador quando acede a determinadas p\u00e1ginas Web. Os cookies permitem, entre outras coisas, que um website armazene e recupere informa\u00e7\u00f5es sobre os h\u00e1bitos de navega\u00e7\u00e3o de um utilizador ou o seu dispositivo e, dependendo da informa\u00e7\u00e3o que cont\u00eam e da forma como o utilizador utiliza o dispositivo, podem ser utilizados para reconhecer o utilizador. Os cookies est\u00e3o apenas associados a um utilizador an\u00f3nimo e ao seu dispositivo e n\u00e3o fornecem informa\u00e7\u00f5es que lhes permitam conhecer os seus dados pessoais.<\/p>\n<p>O utilizador pode, a qualquer momento, aceitar ou rejeitar os cookies instalados que n\u00e3o sejam estritamente necess\u00e1rios para o correto funcionamento do website e o acesso do utilizador aos seus servi\u00e7os, atrav\u00e9s do painel de ajuste de cookies, disponibilizado no nosso website. Al\u00e9m disso, o utilizador pode configurar seu navegador a qualquer momento sem prejudicar a possibilidade de aceder ao conte\u00fado. No entanto, informamos que a rejei\u00e7\u00e3o de cookies pode diminuir o bom funcionamento do site.<\/p>\n<p>COOKIES REGULAMENTADOS E COOKIES ISENTOS<\/p>\n<p>De acordo com a diretiva da UE, os cookies que requerem o consentimento informado do utilizador s\u00e3o cookies de an\u00e1lise, publicidade e afilia\u00e7\u00e3o, os cookies de natureza t\u00e9cnica e os necess\u00e1rios para o funcionamento do site ou a presta\u00e7\u00e3o de servi\u00e7os solicitados pelo utilizador est\u00e3o isentos.<\/p>\n<p>TIPOS DE COOKIES<\/p>\n<ol>\n<li>a) Dependendo da entidade que os gere, existem cookies pr\u00f3prios (enviados para o dispositivo do utilizador a partir de um dom\u00ednio gerido pelo pr\u00f3prio editor e a partir do qual \u00e9 prestado o servi\u00e7o solicitado pelo utilizador) e cookies de terceiros (enviados para o dispositivo do utilizador a partir de um dom\u00ednio que n\u00e3o \u00e9 gerido pelo editor, mas por outra entidade que processa os dados obtidos atrav\u00e9s de cookies).<\/li>\n<li>b) Dependendo de quanto tempo permanecem ativos, existem cookies de sess\u00e3o (projetados para coletar e armazenar dados enquanto o utilizador acede a uma p\u00e1gina web) e cookies persistentes (em que os dados s\u00e3o armazenados no dispositivo e podem ser acedidos e processados por um per\u00edodo definido pela pessoa respons\u00e1vel pelos cookies, que pode variar de alguns minutos a v\u00e1rios anos).<\/li>\n<li>c) Dependendo da finalidade para a qual processam as informa\u00e7\u00f5es que recolhem, podem ser:<\/li>\n<\/ol>\n<p>Cookies t\u00e9cnicos (necess\u00e1rios para a utiliza\u00e7\u00e3o do website e para a presta\u00e7\u00e3o do servi\u00e7o contratado);<\/p>\n<p>Cookies de personaliza\u00e7\u00e3o (que permitem ao utilizador aceder ao servi\u00e7o com caracter\u00edsticas predefinidas, tais como idioma, tipo de navegador, configura\u00e7\u00e3o regional, etc.);<\/p>\n<p>Cookies de an\u00e1lise (recolhem informa\u00e7\u00e3o sobre a utiliza\u00e7\u00e3o do website pelo utilizador); Cookies de publicidade (recolhem informa\u00e7\u00f5es sobre as prefer\u00eancias e escolhas pessoais dos utilizadores);<\/p>\n<p>Cookies de afilia\u00e7\u00e3o (permitem rastrear visitas de outros sites com os quais o site estabelece um acordo de afilia\u00e7\u00e3o).<\/p>\n<p>TIPOS DE COOKIES UTILIZADOS NESTE WEBSITE<\/p>\n<p>Necess\u00e1rios<\/p>\n<p>Os cookies necess\u00e1rios s\u00e3o cruciais para as fun\u00e7\u00f5es b\u00e1sicas do site e o site n\u00e3o funcionar\u00e1 como pretendido sem eles. Estes cookies n\u00e3o armazenam quaisquer dados pessoais identific\u00e1veis.<\/p>\n<p>Funcionais<\/p>\n<p>Os cookies funcionais ajudam a executar determinadas funcionalidades, como a partilha de conte\u00fado do website nas redes sociais, a recolha de coment\u00e1rios e outras fun\u00e7\u00f5es de terceiros.<\/p>\n<p>Anal\u00edticos<\/p>\n<p>Os cookies anal\u00edticos s\u00e3o usados para entender como os visitantes interagem com o site. Esses cookies ajudam a fornecer informa\u00e7\u00f5es sobre m\u00e9tricas, n\u00famero de visitantes, taxa de rejei\u00e7\u00e3o, origem do tr\u00e1fego, etc.<\/p>\n<p>Ao navegar no nosso website, os cookies das nossas redes sociais podem ser armazenados no seu browser. Abaixo est\u00e3o os links para as pol\u00edticas de cookies das redes sociais que usamos neste site:<\/p>\n<p>Cookies do Facebook, veja mais informa\u00e7\u00f5es na sua pol\u00edtica de cookies<\/p>\n<p>Cookies do &#8220;X&#8221;, veja mais informa\u00e7\u00f5es na sua pol\u00edtica de cookies<\/p>\n<p>Cookies do Instagram, veja mais informa\u00e7\u00f5es na sua pol\u00edtica de cookies<\/p>\n<p>Cookies do Linkedin, veja mais informa\u00e7\u00f5es na sua pol\u00edtica de cookies<\/p>\n<p>Cookies do Pinterest, veja mais informa\u00e7\u00f5es na sua pol\u00edtica de cookies<\/p>\n<p>Cookies do Youtube, veja mais informa\u00e7\u00f5es na sua pol\u00edtica de cookies<\/p>\n<p>Cookies do TikTok, veja mais informa\u00e7\u00f5es na sua pol\u00edtica de cookies<\/p>\n<p>REVOGA\u00c7\u00c3O<\/p>\n<p>Pode aceder, a qualquer momento, \u00e0s configura\u00e7\u00f5es do seu navegador para aceitar ou rejeitar todos os cookies ou selecionar aqueles que deseja permitir seguindo um dos procedimentos, dependendo do navegador que est\u00e1 a utilizar:<\/p>\n<p>Google Chrome (no menu ferramentas): Configura\u00e7\u00f5es &gt; Mostrar configura\u00e7\u00f5es avan\u00e7adas &gt; Privacidade (configura\u00e7\u00f5es de conte\u00fado) &gt; Cookies: https:\/\/support.google.com\/chrome\/answer\/95647?co=GENIE.Platform%3DDesktopandhl=pt Microsoft Edge (no menu configura\u00e7\u00f5es): Configura\u00e7\u00f5es &gt; Cookies e permiss\u00f5es de site: edge:\/\/settings\/content\/cookies Firefox: Op\u00e7\u00f5es &gt; Privacidade &gt; Cookies: <a href=\"https:\/\/support.mozilla.org\/pt-BR\/kb\/habilitar-e-desabilitar-cookies-sitios-web-rastrear-preferencias\">https:\/\/support.mozilla.org\/pt-BR\/kb\/habilitar-e-desabilitar-cookies-sitios-web-rastrear-preferencias<\/a> Opera: Configura\u00e7\u00f5es &gt; Op\u00e7\u00f5es &gt; Avan\u00e7ado &gt; Cookies: http:\/\/help.opera.com\/Windows\/12.00\/pt-BR\/cookies.html<\/p>\n<p>Esses navegadores est\u00e3o sujeitos a atualiza\u00e7\u00f5es ou modifica\u00e7\u00f5es, portanto, n\u00e3o podemos garantir que estejam completamente alinhados com a vers\u00e3o atual do seu navegador.<\/p>\n<p>Pode tamb\u00e9m usar outro navegador que n\u00e3o esteja listado nesses links, como Konqueror, Arora, Flock, etc. Para evitar esse tipo de problemas, pode aceder diretamente as op\u00e7\u00f5es do seu navegador, geralmente no menu \u201cOp\u00e7\u00f5es\u201d na se\u00e7\u00e3o \u201cPrivacidade\u201d. (Consulte a ajuda do seu navegador para mais informa\u00e7\u00f5es).<\/p>\n<p>ALTERA\u00c7\u00d5ES NA PRESENTE POL\u00cdTICA DE COOKIES<\/p>\n<p>DESATIVA\u00c7\u00c3O\/ATIVA\u00c7\u00c3O E ELIMINA\u00c7\u00c3O DE COOKIES<\/p>\n<p>Para restringir ou bloquear cookies, fa\u00e7a-o atrav\u00e9s das defini\u00e7\u00f5es do seu navegador.<\/p>\n<p>Se n\u00e3o quiser que os websites coloquem cookies no seu dispositivo, pode configurar o seu navegador para ser notificado antes de serem colocados quaisquer cookies. Da mesma forma, pode configur\u00e1-lo para que o navegador rejeite todos os cookies ou apenas cookies de terceiros. Tamb\u00e9m pode eliminar quaisquer cookies que j\u00e1 se encontrem no seu dispositivo. Vai precisar de configurar separadamente para cada navegador e dispositivo que usar.<\/p>\n<p>Se optar por n\u00e3o receber cookies, n\u00e3o podemos garantir que o nosso website funcione corretamente. Algumas das fun\u00e7\u00f5es do site podem-se perder e poder\u00e1 n\u00e3o conseguir visualizar determinados sites. Al\u00e9m disso, rejeitar cookies n\u00e3o significa que n\u00e3o ver\u00e1 mais an\u00fancios. Apenas os an\u00fancios que n\u00e3o ser\u00e3o personalizados de acordo com seus interesses repetir-se-\u00e3o com mais frequ\u00eancia.<\/p>\n<p>Cada navegador tem um m\u00e9todo diferente para ajustar as configura\u00e7\u00f5es. Se necess\u00e1rio, consulte a fun\u00e7\u00e3o de ajuda do navegador para definir as configura\u00e7\u00f5es corretas.<\/p>\n<p>Para desativar os cookies nos dispositivos m\u00f3veis, consulte o manual do seu dispositivo para obter mais informa\u00e7\u00f5es.<\/p>\n<p>Pode obter mais informa\u00e7\u00f5es sobre cookies na Internet em <a href=\"http:\/\/www.aboutcookies.org\/\">http:\/\/www.aboutcookies.org\/<\/a>.<\/p>\n<p>Dada a forma como a Internet e os sites funcionam, nem sempre temos informa\u00e7\u00f5es sobre cookies que terceiros podem colocar atrav\u00e9s do nosso site. Isto aplica-se especialmente aos casos em que a nossa p\u00e1gina cont\u00e9m elementos integrados: textos, documentos, imagens ou v\u00eddeos que s\u00e3o armazenados noutro local, mas s\u00e3o exibidos no nosso website.<\/p>\n<p>Portanto, caso encontre este tipo de cookie no nosso site e n\u00e3o esteja indicado na lista acima, solicitamos que nos informe. Tamb\u00e9m pode contactar diretamente os terceiros para pedir informa\u00e7\u00f5es sobre os cookies que colocam, a sua finalidade e a dura\u00e7\u00e3o do cookie, bem como sobre a forma como a sua privacidade foi assegurada.<\/p>\n<p>INFORMA\u00c7\u00d5ES RELATIVAS AO TRATAMENTO DE DADOS PESSOAIS (ART.\u00ba 13.\u00ba DO RGPD)<\/p>\n<p>Quem \u00e9 o respons\u00e1vel pelo tratamento de seus dados pessoais?<\/p>\n<p>COTINFANT S.L \u00e9 o respons\u00e1vel pelo tratamento dos dados pessoais que nos fornece, com sede na Carretera Malars, s\/n 08510 Roda de Ter (Barcelona) Espanha e com NIF B62010764 e e-mail de contato <a href=\"mailto:cotinfant@cotinfant.com\">cotinfant@cotinfant.com<\/a>.<\/p>\n<p>Onde s\u00e3o utilizados os seus dados pessoais?<\/p>\n<p>As Informa\u00e7\u00f5es recolhidas atrav\u00e9s de cookies prim\u00e1rios (cookies de sess\u00e3o e de entrada do utilizador) geralmente s\u00e3o usadas para rastrear as a\u00e7\u00f5es do utilizador ao preencher formul\u00e1rios online em v\u00e1rias p\u00e1ginas ou carrinho de compras, para acompanhar os itens selecionados pelo utilizador ao clicar num bot\u00e3o ou para personalizar a interface do utilizador ao visitar o website.<\/p>\n<p>As informa\u00e7\u00f5es recolhidas atrav\u00e9s de cookies de terceiros incluem:<\/p>\n<p>Atrav\u00e9s de cookies anal\u00edticos, analisamos seus h\u00e1bitos de navega\u00e7\u00e3o para melhorar os servi\u00e7os prestados;<\/p>\n<p>Atrav\u00e9s de cookies de publicidade, medimos o desempenho do an\u00fancio e fornecemos recomenda\u00e7\u00f5es com base em dados estat\u00edsticos. Para ver exatamente como usamos cookies, consulte a caixa sobre o uso de cookies neste documento.<\/p>\n<p>Qual \u00e9 a base jur\u00eddica para o tratamento dos seus dados pessoais?<\/p>\n<p>A legitimidade para o tratamento dos seus dados pessoais \u00e9 o seu consentimento, concedido ao contactar-nos, para a utiliza\u00e7\u00e3o de cookies anal\u00edticos, comportamentais e publicit\u00e1rios; para cookies de sess\u00e3o ou de personaliza\u00e7\u00e3o, o interesse leg\u00edtimo para o tratamento de dados \u00e9 o do fornecedor (respons\u00e1vel pelo tratamento).<\/p>\n<p>Com quem partilhamos os seus dados?<\/p>\n<p>Nenhum dado ser\u00e1 transferido ou comunicado a terceiros, exceto por obriga\u00e7\u00e3o legal ou aos terceiros indicados em caso de uso de cookies gerenciadas por eles.<\/p>\n<p>Qual \u00e9 o per\u00edodo de reten\u00e7\u00e3o de seus dados?<\/p>\n<p>O per\u00edodo de reten\u00e7\u00e3o dos dados recolhidos \u00e9 o indicado na tabela sobre o uso de cookies neste documento.<\/p>\n<p>Quais s\u00e3o seus direitos?<\/p>\n<p>Os direitos do utilizador incluem o acesso, retifica\u00e7\u00e3o, elimina\u00e7\u00e3o, portabilidade dos dados, retirada do consentimento (sem que tal afete a licitude do tratamento anterior \u00e0 retirada), obje\u00e7\u00e3o ao tratamento, restri\u00e7\u00e3o (em determinadas circunst\u00e2ncias) e apresenta\u00e7\u00e3o de uma queixa junto da autoridade.[\/vc_column_text][\/vc_column][\/vc_row]\n","protected":false},"excerpt":{"rendered":"<p>[vc_row type=&#8221;in_container&#8221; full_screen_row_position=&#8221;middle&#8221; column_margin=&#8221;default&#8221; column_direction=&#8221;default&#8221; column_direction_tablet=&#8221;default&#8221; column_direction_phone=&#8221;default&#8221; scene_position=&#8221;center&#8221; text_color=&#8221;dark&#8221; text_align=&#8221;left&#8221; row_border_radius=&#8221;none&#8221; row_border_radius_applies=&#8221;bg&#8221; overflow=&#8221;visible&#8221; overlay_strength=&#8221;0.3&#8243; gradient_direction=&#8221;left_to_right&#8221; shape_divider_position=&#8221;bottom&#8221; bg_image_animation=&#8221;none&#8221;][vc_column column_padding=&#8221;no-extra-padding&#8221; column_padding_tablet=&#8221;inherit&#8221; column_padding_phone=&#8221;inherit&#8221; column_padding_position=&#8221;all&#8221; column_element_direction_desktop=&#8221;default&#8221; column_element_spacing=&#8221;default&#8221; desktop_text_alignment=&#8221;default&#8221; tablet_text_alignment=&#8221;default&#8221; phone_text_alignment=&#8221;default&#8221; background_color_opacity=&#8221;1&#8243; background_hover_color_opacity=&#8221;1&#8243; column_backdrop_filter=&#8221;none&#8221; column_shadow=&#8221;none&#8221;&#8230;<\/p>\n","protected":false},"author":2,"featured_media":0,"parent":0,"menu_order":0,"comment_status":"closed","ping_status":"closed","template":"","meta":{"inline_featured_image":false,"footnotes":""},"class_list":["post-3034","page","type-page","status-publish"],"_links":{"self":[{"href":"https:\/\/cotinfant.com\/infant\/pt-pt\/wp-json\/wp\/v2\/pages\/3034"}],"collection":[{"href":"https:\/\/cotinfant.com\/infant\/pt-pt\/wp-json\/wp\/v2\/pages"}],"about":[{"href":"https:\/\/cotinfant.com\/infant\/pt-pt\/wp-json\/wp\/v2\/types\/page"}],"author":[{"embeddable":true,"href":"https:\/\/cotinfant.com\/infant\/pt-pt\/wp-json\/wp\/v2\/users\/2"}],"replies":[{"embeddable":true,"href":"https:\/\/cotinfant.com\/infant\/pt-pt\/wp-json\/wp\/v2\/comments?post=3034"}],"version-history":[{"count":1,"href":"https:\/\/cotinfant.com\/infant\/pt-pt\/wp-json\/wp\/v2\/pages\/3034\/revisions"}],"predecessor-version":[{"id":3035,"href":"https:\/\/cotinfant.com\/infant\/pt-pt\/wp-json\/wp\/v2\/pages\/3034\/revisions\/3035"}],"wp:attachment":[{"href":"https:\/\/cotinfant.com\/infant\/pt-pt\/wp-json\/wp\/v2\/media?parent=3034"}],"curies":[{"name":"wp","href":"https:\/\/api.w.org\/{rel}","templated":true}]}}