{"id":3032,"date":"2022-11-03T07:30:15","date_gmt":"2022-11-03T07:30:15","guid":{"rendered":"https:\/\/cotinfant.com\/infant\/politica-privacidad\/"},"modified":"2024-10-14T14:52:37","modified_gmt":"2024-10-14T14:52:37","slug":"politica-privacidad","status":"publish","type":"page","link":"https:\/\/cotinfant.com\/infant\/pt-pt\/politica-privacidad\/","title":{"rendered":"Pol\u00edtica de privacidad"},"content":{"rendered":"[vc_row type=&#8221;in_container&#8221; full_screen_row_position=&#8221;middle&#8221; column_margin=&#8221;default&#8221; column_direction=&#8221;default&#8221; column_direction_tablet=&#8221;default&#8221; column_direction_phone=&#8221;default&#8221; scene_position=&#8221;center&#8221; text_color=&#8221;dark&#8221; text_align=&#8221;left&#8221; row_border_radius=&#8221;none&#8221; row_border_radius_applies=&#8221;bg&#8221; overflow=&#8221;visible&#8221; overlay_strength=&#8221;0.3&#8243; gradient_direction=&#8221;left_to_right&#8221; shape_divider_position=&#8221;bottom&#8221; bg_image_animation=&#8221;none&#8221;][vc_column column_padding=&#8221;no-extra-padding&#8221; column_padding_tablet=&#8221;inherit&#8221; column_padding_phone=&#8221;inherit&#8221; column_padding_position=&#8221;all&#8221; column_element_direction_desktop=&#8221;default&#8221; column_element_spacing=&#8221;default&#8221; desktop_text_alignment=&#8221;default&#8221; tablet_text_alignment=&#8221;default&#8221; phone_text_alignment=&#8221;default&#8221; background_color_opacity=&#8221;1&#8243; background_hover_color_opacity=&#8221;1&#8243; column_backdrop_filter=&#8221;none&#8221; column_shadow=&#8221;none&#8221; column_border_radius=&#8221;none&#8221; column_link_target=&#8221;_self&#8221; column_position=&#8221;default&#8221; gradient_direction=&#8221;left_to_right&#8221; overlay_strength=&#8221;0.3&#8243; width=&#8221;1\/1&#8243; tablet_width_inherit=&#8221;default&#8221; animation_type=&#8221;default&#8221; bg_image_animation=&#8221;none&#8221; border_type=&#8221;simple&#8221; column_border_width=&#8221;none&#8221; column_border_style=&#8221;solid&#8221;][vc_column_text text_direction=&#8221;default&#8221;]\n<p><strong><u>POL\u00cdTICA DE PRIVACIDADE<\/u><\/strong><\/p>\n<p><u><br \/>\n<\/u>A sua privacidade \u00e9 importante para n\u00f3s, pelo que atrav\u00e9s deste documento explicamos quais os dados que recolhemos dos utilizadores, como os utilizamos e para que fins, entre outras informa\u00e7\u00f5es. Maiores de 14 anos podem registar-se como utilizadores sem o consentimento pr\u00e9vio dos seus pais, tutores ou representantes legais. No caso de menores de 14 anos ou identificados como &#8220;legalmente incapazes&#8221;, necessitaremos sempre do consentimento dos pais, tutor ou representante legal.<\/p>\n<p>Para sua informa\u00e7\u00e3o, nunca solicitaremos mais informa\u00e7\u00f5es do que realmente precisamos para os servi\u00e7os solicitados; nunca o partilharemos com terceiros, exceto por obriga\u00e7\u00e3o legal ou com a sua autoriza\u00e7\u00e3o pr\u00e9via; e nunca utilizaremos os seus dados para qualquer finalidade que n\u00e3o tenha sido previamente informada.<\/p>\n<p>Como utilizador, dever\u00e1 ler atentamente esta Pol\u00edtica de Privacidade regularmente, e sempre que introduzir os seus dados pessoais, uma vez que este documento poder\u00e1 ser modificado, uma vez que o prestador poder\u00e1 alterar qualquer informa\u00e7\u00e3o que possa aparecer no website para cumprir os regulamentos ou atualizar a pol\u00edtica, sem a obriga\u00e7\u00e3o de notificar ou informar previamente os utilizadores dessas obriga\u00e7\u00f5es, a publica\u00e7\u00e3o no Website do prestador \u00e9 suficiente.<\/p>\n<p>RESPONS\u00c1VEL PELO TRATAMENTO:<\/p>\n<p>Identidade: COTINFANT S.L. (tamb\u00e9m o prestador)<\/p>\n<p>NIF: B62010764<\/p>\n<p>Endere\u00e7o postal: Carretera Malars, s\/n 08510 Roda de Ter (Barcelona) Espanha<\/p>\n<p>E-mail: castane@cotinfant.com<\/p>\n<p>COTINFANT S.L., como respons\u00e1vel pelo website, de acordo com o disposto no Regulamento (UE) 2016\/679 de 27 de abril de 2016 (RGPD), na Lei Org\u00e2nica 3\/2018 de 5 de dezembro (LOPDGDD) e demais regulamentos em vigor sobre a prote\u00e7\u00e3o de dados pessoais, e na Lei 34\/2002, de 11 de julho, sobre Servi\u00e7os da Sociedade da Informa\u00e7\u00e3o e Com\u00e9rcio Eletr\u00f3nico (LSSICE),\u00a0 informa que implementou as medidas de seguran\u00e7a necess\u00e1rias, de natureza t\u00e9cnica e organizativa, para garantir e proteger a confidencialidade, integridade e disponibilidade dos dados introduzidos.<\/p>\n<p>M\u00c9TODO DE OBTEN\u00c7\u00c3O DOS DADOS E DADOS QUE RECOLHEMOS: Os dados que recolhemos e a forma como os obtemos s\u00e3o os seguintes:<\/p>\n<p>Atrav\u00e9s do formul\u00e1rio de contato: nome, e-mail, telefone, regi\u00e3o<\/p>\n<p>N\u00e3o tratamos categorias de dados especialmente protegidos por lei.<\/p>\n<p>FINALIDADE DO TRATAMENTO:<\/p>\n<p>Os seus dados pessoais apenas ser\u00e3o utilizados para as seguintes finalidades, com o seu consentimento para cada uma delas na sec\u00e7\u00e3o correspondente do website:<\/p>\n<ol>\n<li>Formul\u00e1rio de contacto: para responder a quest\u00f5es e\/ou fornecer as informa\u00e7\u00f5es solicitadas pelo utilizador;<\/li>\n<li>Outras finalidades:<\/li>\n<\/ol>\n<p>&#8211; Executar os procedimentos comerciais, administrativos, fiscais e contabil\u00edsticos necess\u00e1rios de acordo com a legisla\u00e7\u00e3o em vigor;<\/p>\n<p>&#8211; Conhecer a sua opini\u00e3o e melhorar os servi\u00e7os prestados pelo website;<\/p>\n<p>&#8211; Realizar an\u00e1lise de perfis e usabilidade do website, atrav\u00e9s de cookies (mencionados na pol\u00edtica de cookies);<\/p>\n<p>&#8211; Redes sociais: na se\u00e7\u00e3o correspondente, o uso de redes sociais \u00e9 especificado.<\/p>\n<p>USO DE FOTOGRAFIAS:<\/p>\n<p>As fotografias publicadas no site s\u00e3o propriedade da COTINFANT S.L., incluindo as de menores, para as quais foi obtido o consentimento pr\u00e9vio dos seus pais, tutores ou representantes legais, atrav\u00e9s da assinatura de formul\u00e1rios feitos para o efeito pelas institui\u00e7\u00f5es de que os menores fazem parte.<\/p>\n<p>No entanto, os pais, tutores ou representantes dos menores, como titulares do exerc\u00edcio dos direitos destes, e sempre mediante solicita\u00e7\u00e3o formal por escrito, podem indicar a recusa do uso da imagem do menor; nesse caso, a imagem ser\u00e1 exibida pixelada.<\/p>\n<p>Pode revogar o seu consentimento a qualquer momento, enviando um pedido com o assunto &#8220;Cancelamento&#8221; para o EMAIL.<\/p>\n<p>De acordo com a LSSICE, COTINFANT S.L. n\u00e3o realiza pr\u00e1ticas de SPAM, ou seja, n\u00e3o envia e-mails comerciais que n\u00e3o tenham sido previamente solicitados ou autorizados pelo utilizador. Portanto, em todas as comunica\u00e7\u00f5es que receber do prestador, ter\u00e1 a possibilidade de cancelar o seu consentimento expresso para receber comunica\u00e7\u00f5es nossas.<\/p>\n<p>N\u00e3o trataremos os seus dados pessoais para qualquer outra finalidade, exceto por obriga\u00e7\u00e3o legal ou exig\u00eancia legal.<\/p>\n<p>Os seus dados n\u00e3o estar\u00e3o sujeitos a decis\u00f5es baseadas em tratamento automatizado que produza efeitos sobre os mesmos.<\/p>\n<p>LEGITIMIDADE DO TRATAMENTO:<\/p>\n<p>A base legal para o tratamento dos dados \u00e9 o seu consentimento, fornecido quando introduz os seus dados no formul\u00e1rio correspondente para realizar as finalidades indicadas, assinalando a caixa de verifica\u00e7\u00e3o.<\/p>\n<p>A oferta potencial ou comercial de produtos e servi\u00e7os baseia-se no consentimento solicitado, e a retirada deste consentimento n\u00e3o condicionar\u00e1, em caso algum, a execu\u00e7\u00e3o do contrato de subscri\u00e7\u00e3o.<\/p>\n<p>O n\u00e3o fornecimento dos dados pessoais solicitados ou a n\u00e3o aceita\u00e7\u00e3o desta pol\u00edtica de privacidade impossibilitar\u00e1 a consecu\u00e7\u00e3o das finalidades acima descritas.<\/p>\n<p>Nos casos em que j\u00e1 exista uma rela\u00e7\u00e3o contratual entre as partes, a legitimidade para o desenvolvimento das obriga\u00e7\u00f5es administrativas, fiscais, contabil\u00edsticas e laborais basear-se-\u00e1 na rela\u00e7\u00e3o comercial estabelecida entre as partes.<\/p>\n<p>PER\u00cdODO DE CONSERVA\u00c7\u00c3O DOS DADOS:<\/p>\n<p>Os seus dados ser\u00e3o conservados durante a dura\u00e7\u00e3o da rela\u00e7\u00e3o comercial connosco ou at\u00e9 que exer\u00e7a o seu direito de cancelamento ou oposi\u00e7\u00e3o, ou solicite a limita\u00e7\u00e3o do processamento. No entanto, conservaremos os seus dados dentro dos prazos legalmente previstos nas disposi\u00e7\u00f5es aplic\u00e1veis.<\/p>\n<p>DESTINAT\u00c1RIOS DE CESS\u00d5ES OU TRANSFER\u00caNCIAS:<\/p>\n<p>A COTINFANT S.L. n\u00e3o realiza qualquer transfer\u00eancia ou comunica\u00e7\u00e3o de dados, nem dentro nem fora da UE. O prestador s\u00f3 fornecer\u00e1 informa\u00e7\u00f5es \u00e0s for\u00e7as e \u00f3rg\u00e3os de seguran\u00e7a sob ordem judicial ou por obriga\u00e7\u00e3o de regulamenta\u00e7\u00e3o legal, sem preju\u00edzo da possibilidade de bloqueio ou cancelamento de sua conta se houver ind\u00edcios de algum crime cometido pelo utilizador. As informa\u00e7\u00f5es fornecidas ser\u00e3o apenas as que o prestador possuir naquele momento.<\/p>\n<p>As informa\u00e7\u00f5es que nos fornecer atrav\u00e9s deste site ser\u00e3o armazenadas nos servidores da COTINFANT S.L., contratada com a empresa que fornece o servi\u00e7o de armazenamento do site. O tratamento dos dados da entidade \u00e9 regulado atrav\u00e9s de um contrato respons\u00e1vel pelo tratamento entre o prestador e essa empresa. Em nenhuma circunst\u00e2ncia esta pessoa respons\u00e1vel subcontratar\u00e1 servi\u00e7os que envolvam qualquer processamento de dados por terceiros sem o nosso consentimento pr\u00e9vio.<\/p>\n<p>DIREITOS DOS INTERESSADOS:<\/p>\n<p>Como utilizador interessado, poder\u00e1 solicitar o exerc\u00edcio dos seguintes direitos perante a COTINFANT S.L. submetendo um documento para a morada indicada no in\u00edcio ou enviando um e-mail para cotinfant@cotinfant.com, indicando como Assunto: &#8220;PROTE\u00c7\u00c3O DE DADOS: DIREITOS DOS INTERESSADOS&#8221;, e anexando c\u00f3pia do seu documento de identidade (RG ou outro documento legal equivalente), conforme indicado por lei.<\/p>\n<p>Direitos:<\/p>\n<p>Direito de acesso: permite ao interessado conhecer e obter informa\u00e7\u00f5es sobre seus dados pessoais submetidos a tratamento.<\/p>\n<p>Direito de retifica\u00e7\u00e3o ou supress\u00e3o: permite corrigir erros e modificar os dados que sejam imprecisos ou incompletos.<\/p>\n<p>Direito de cancelamento: permite que os dados inadequados ou excessivos sejam exclu\u00eddos.<\/p>\n<p>Direito de oposi\u00e7\u00e3o: o direito da parte interessada de n\u00e3o ter os seus dados pessoais tratados ou de cessar o tratamento.<\/p>\n<p>Limita\u00e7\u00e3o do tratamento: implica a marca\u00e7\u00e3o dos dados pessoais armazenados com o objetivo de limitar seu futuro tratamento, para o exerc\u00edcio ou defesa de reclama\u00e7\u00f5es.<\/p>\n<p>Portabilidade dos dados: disponibiliza\u00e7\u00e3o dos dados sujeitos a tratamento ao interessado, para que este os possa transmitir a outro respons\u00e1vel pelo tratamento, sem impedimento.<\/p>\n<p>Direito de n\u00e3o estar sujeito a decis\u00f5es individuais automatizadas (incluindo elabora\u00e7\u00e3o de perfis): o direito de n\u00e3o estar sujeito a uma decis\u00e3o baseada em tratamento automatizado que produza efeitos ou o afete significativamente.<\/p>\n<p>Como utilizador, tem o direito de retirar o consentimento dado a qualquer momento. A retirada do consentimento n\u00e3o afetar\u00e1 a licitude do tratamento efetuado antes da retirada.<\/p>\n<p>Tamb\u00e9m tem o direito de apresentar uma reclama\u00e7\u00e3o \u00e0 autoridade de supervis\u00e3o se considerar que seus direitos em rela\u00e7\u00e3o \u00e0 prote\u00e7\u00e3o de dados podem ter sido violados (aepd.es).<\/p>\n<p>MEDIDAS DE SEGURAN\u00c7A:<\/p>\n<p>Os dados que nos fornecer ser\u00e3o tratados confidencialmente. O prestador adotou todas as medidas t\u00e9cnicas e organizacionais e todos os n\u00edveis de prote\u00e7\u00e3o necess\u00e1rios para garantir a seguran\u00e7a no tratamento dos dados e evitar sua altera\u00e7\u00e3o, perda, roubo, tratamento ou acesso n\u00e3o autorizado, de acordo com o estado da tecnologia e a natureza dos dados armazenados. Al\u00e9m disso, tamb\u00e9m \u00e9 garantido que o tratamento e grava\u00e7\u00e3o em arquivos, programas, sistemas ou equipamentos, locais e centros atendam aos requisitos e condi\u00e7\u00f5es de integridade e seguran\u00e7a estabelecidos na regulamenta\u00e7\u00e3o vigente.<\/p>\n<p>IDIOMA:<\/p>\n<p>O idioma aplic\u00e1vel a esta pol\u00edtica de privacidade \u00e9 o espanhol. Portanto, no caso de haver alguma contradi\u00e7\u00e3o em qualquer uma das vers\u00f5es fornecidas em outros idiomas, a vers\u00e3o espanhola prevalecer\u00e1.<\/p>\n<p>AN\u00c1LISE DE PERFIL<\/p>\n<p>A informa\u00e7\u00e3o disponibilizada nos diferentes formul\u00e1rios, durante a intera\u00e7\u00e3o com o website e quaisquer outros dados fornecidos durante a navega\u00e7\u00e3o, incluindo a informa\u00e7\u00e3o fornecida pelos cookies relacionada com os h\u00e1bitos de navega\u00e7\u00e3o, implica a aceita\u00e7\u00e3o do tratamento desses dados, a segmentar ou categorizar com o objetivo de serem aplicados \u00e0 atividade relacionada com a gest\u00e3o da administra\u00e7\u00e3o geral,\u00a0 informa\u00e7\u00e3o, comercializa\u00e7\u00e3o de espa\u00e7os publicit\u00e1rios, elabora\u00e7\u00e3o de perfis, an\u00e1lise de propostas solicitadas por utilizadores\/clientes, estudo estat\u00edstico dos servi\u00e7os e conte\u00fados utilizados, gostos e prefer\u00eancias, inqu\u00e9ritos ou formul\u00e1rios. Os dados utilizados na elabora\u00e7\u00e3o destes perfis n\u00e3o s\u00e3o dados que permitam identificar os utilizadores, mas apenas mostram graficamente o tipo de p\u00fablico que interage com o site, idade, pa\u00eds, g\u00e9nero, etc.<\/p>\n<p>O utilizador que acede a este website consente expressamente a utiliza\u00e7\u00e3o desta informa\u00e7\u00e3o gen\u00e9rica para tarefas de defini\u00e7\u00e3o de perfis, segmenta\u00e7\u00e3o e categoriza\u00e7\u00e3o de dados para as finalidades descritas no par\u00e1grafo anterior.<\/p>\n<p>REDES SOCIAIS<\/p>\n<p>Informamos que a COTINFANT S.L. poder\u00e1 ter presen\u00e7a em redes sociais. O tratamento de dados efetuado com pessoas que se tornem seguidores nas redes sociais (e\/ou realizem qualquer liga\u00e7\u00e3o ou a\u00e7\u00e3o de liga\u00e7\u00e3o atrav\u00e9s das redes sociais) das p\u00e1ginas oficiais da COTINFANT S.L. reger-se-\u00e1 por esta sec\u00e7\u00e3o, bem como pelas condi\u00e7\u00f5es de utiliza\u00e7\u00e3o, pol\u00edticas de privacidade e regulamentos de acesso pertencentes \u00e0 rede social aplic\u00e1vel e previamente aceites pelo utilizador.<\/p>\n<p>A COTINFANT S.L. tratar\u00e1 os seus dados para gerir corretamente a sua presen\u00e7a na rede social, informando-o sobre atividades, produtos ou servi\u00e7os do fornecedor, bem como para qualquer outra finalidade permitida pelas pol\u00edticas das Redes Sociais.<\/p>\n<p>Fica proibida a publica\u00e7\u00e3o de conte\u00fados que:<\/p>\n<p>Sejam presumidas ilegais nos termos do direito nacional, comunit\u00e1rio ou internacional, ou exer\u00e7am atividades presumidamente ilegais ou contr\u00e1rias aos princ\u00edpios da boa-f\u00e9;<\/p>\n<p>Violar os direitos fundamentais das pessoas, falta de cortesia na rede, incomodar ou gerar opini\u00f5es negativas em nossos utilizadores ou terceiros;<\/p>\n<p>Em geral, violam os princ\u00edpios da legalidade, da honestidade, da responsabilidade, da prote\u00e7\u00e3o da dignidade humana, da prote\u00e7\u00e3o dos menores, da prote\u00e7\u00e3o da ordem p\u00fablica, da prote\u00e7\u00e3o da vida privada, da prote\u00e7\u00e3o do consumidor e dos direitos de propriedade intelectual e industrial.<\/p>\n<p>A COTINFANT S.L. reserva-se o direito de remover, sem aviso pr\u00e9vio, conte\u00fados considerados inadequados do site ou da rede social corporativa.<\/p>\n<p>No caso de submeter informa\u00e7\u00f5es pessoais atrav\u00e9s da rede social, a COTINFANT S.L. estar\u00e1 isenta de responsabilidade em rela\u00e7\u00e3o \u00e0s medidas de seguran\u00e7a aplic\u00e1veis a essa plataforma. Caso deseje conhec\u00ea-las, o usu\u00e1rio deve consultar as condi\u00e7\u00f5es particulares da rede social em quest\u00e3o.<\/p>\n<p>ENVIO DE CURR\u00cdCULOS<\/p>\n<p>Caso o utilizador envie seu curr\u00edculo atrav\u00e9s do nosso site, informamos que os dados fornecidos ser\u00e3o processados para que possa participar nos processos de sele\u00e7\u00e3o que possam decorrer, realizando uma an\u00e1lise do perfil do candidato a fim de selecionar o melhor candidato para a vaga da Pessoa Respons\u00e1vel. Informamos que este \u00e9 o \u00fanico procedimento oficial para aceitar o seu curr\u00edculo, e curr\u00edculos enviados atrav\u00e9s de outros meios n\u00e3o ser\u00e3o aceitos. Caso se verifique alguma altera\u00e7\u00e3o nos dados, solicitamos que nos informe o mais rapidamente poss\u00edvel, para que possamos manter os seus dados devidamente atualizados.<\/p>\n<p>Os dados ser\u00e3o mantidos pelo per\u00edodo m\u00e1ximo de um ano, ap\u00f3s o qual ser\u00e3o eliminados, garantindo o total respeito pela confidencialidade tanto no tratamento quanto na subsequente destrui\u00e7\u00e3o. Neste sentido, ap\u00f3s este per\u00edodo, e caso pretenda continuar a participar nos processos de sele\u00e7\u00e3o da Pessoa Respons\u00e1vel, solicitamos que nos envie novamente o seu curr\u00edculo.<\/p>\n<p>Os dados poder\u00e3o ser tratados e\/ou comunicados \u00e0s empresas que fazem parte do nosso grupo durante o per\u00edodo de conserva\u00e7\u00e3o do seu CV e para as mesmas finalidades previamente informadas.<\/p>\n<p>PUBLICA\u00c7\u00c3O DO SEU TESTEMUNHO<\/p>\n<p>Caso o utilizador pretenda publicar a sua opini\u00e3o no website, informamos que os dados fornecidos ser\u00e3o tratados para responder \u00e0s sugest\u00f5es, experi\u00eancias ou opini\u00f5es propostas sobre os produtos e\/ou servi\u00e7os a publicar no website, ajudando outros utilizadores. Os dados ser\u00e3o conservados enquanto existir interesse m\u00fatuo em continuar o tratamento e, quando j\u00e1 n\u00e3o for necess\u00e1rio para o efeito, ser\u00e3o eliminados com as medidas de seguran\u00e7a adequadas para garantir a pseudonimiza\u00e7\u00e3o dos dados ou a sua destrui\u00e7\u00e3o total. Os testemunhos ser\u00e3o publicados em nosso site. O \u00fanico dado pessoal que ser\u00e1 publicado ser\u00e1 seu nome.<\/p>\n<p>MUDAN\u00c7AS NA POL\u00cdTICA DE PRIVACIDADE<\/p>\n<p>A COTINFANT S.L. reserva-se o direito de modificar esta pol\u00edtica para adapt\u00e1-la a nova legisla\u00e7\u00e3o ou decis\u00f5es judiciais.<\/p>\n<p>REVOGABILIDADE<\/p>\n<p>O consentimento dado, tanto para o tratamento como para a transfer\u00eancia dos dados das partes interessadas, pode ser revogado a qualquer momento, comunicando-o \u00e0 COTINFANT S.L., conforme estabelecido nesta Pol\u00edtica para o exerc\u00edcio de direitos. Esta revoga\u00e7\u00e3o n\u00e3o ter\u00e1 efeitos retroativos.<\/p>\n<p>LEGISLA\u00c7\u00c3O<\/p>\n<p>As rela\u00e7\u00f5es entre a COTINFANT S.L. e os utilizadores dos seus servi\u00e7os telem\u00e1ticos presentes neste website est\u00e3o sujeitas \u00e0 legisla\u00e7\u00e3o e jurisdi\u00e7\u00e3o espanholas, \u00e0s quais as partes se submetem expressamente. Os Tribunais de Barcelona ser\u00e3o competentes para a resolu\u00e7\u00e3o de todos os conflitos decorrentes ou relacionados ao uso do site.<\/p>\n<p>&nbsp;<\/p>\n[\/vc_column_text][\/vc_column][\/vc_row][vc_row type=&#8221;in_container&#8221; full_screen_row_position=&#8221;middle&#8221; column_margin=&#8221;default&#8221; column_direction=&#8221;default&#8221; column_direction_tablet=&#8221;default&#8221; column_direction_phone=&#8221;default&#8221; scene_position=&#8221;center&#8221; text_color=&#8221;dark&#8221; text_align=&#8221;left&#8221; row_border_radius=&#8221;none&#8221; row_border_radius_applies=&#8221;bg&#8221; overflow=&#8221;visible&#8221; overlay_strength=&#8221;0.3&#8243; gradient_direction=&#8221;left_to_right&#8221; shape_divider_position=&#8221;bottom&#8221; bg_image_animation=&#8221;none&#8221;][vc_column column_padding=&#8221;no-extra-padding&#8221; column_padding_tablet=&#8221;inherit&#8221; column_padding_phone=&#8221;inherit&#8221; column_padding_position=&#8221;all&#8221; column_element_direction_desktop=&#8221;default&#8221; column_element_spacing=&#8221;default&#8221; desktop_text_alignment=&#8221;default&#8221; tablet_text_alignment=&#8221;default&#8221; phone_text_alignment=&#8221;default&#8221; background_color_opacity=&#8221;1&#8243; background_hover_color_opacity=&#8221;1&#8243; column_backdrop_filter=&#8221;none&#8221; column_shadow=&#8221;none&#8221; column_border_radius=&#8221;none&#8221; column_link_target=&#8221;_self&#8221; column_position=&#8221;default&#8221; gradient_direction=&#8221;left_to_right&#8221; overlay_strength=&#8221;0.3&#8243; width=&#8221;1\/1&#8243; tablet_width_inherit=&#8221;default&#8221; animation_type=&#8221;default&#8221; bg_image_animation=&#8221;none&#8221; border_type=&#8221;simple&#8221; column_border_width=&#8221;none&#8221; column_border_style=&#8221;solid&#8221;][vc_column_text]\n<p><!-- \/wp:heading -->[\/vc_column_text][\/vc_column][\/vc_row]\n","protected":false},"excerpt":{"rendered":"<p>[vc_row type=&#8221;in_container&#8221; full_screen_row_position=&#8221;middle&#8221; column_margin=&#8221;default&#8221; column_direction=&#8221;default&#8221; column_direction_tablet=&#8221;default&#8221; column_direction_phone=&#8221;default&#8221; scene_position=&#8221;center&#8221; text_color=&#8221;dark&#8221; text_align=&#8221;left&#8221; row_border_radius=&#8221;none&#8221; row_border_radius_applies=&#8221;bg&#8221; overflow=&#8221;visible&#8221; overlay_strength=&#8221;0.3&#8243; gradient_direction=&#8221;left_to_right&#8221; shape_divider_position=&#8221;bottom&#8221; bg_image_animation=&#8221;none&#8221;][vc_column column_padding=&#8221;no-extra-padding&#8221; column_padding_tablet=&#8221;inherit&#8221; column_padding_phone=&#8221;inherit&#8221; column_padding_position=&#8221;all&#8221; column_element_direction_desktop=&#8221;default&#8221; column_element_spacing=&#8221;default&#8221; desktop_text_alignment=&#8221;default&#8221; tablet_text_alignment=&#8221;default&#8221; phone_text_alignment=&#8221;default&#8221; background_color_opacity=&#8221;1&#8243; background_hover_color_opacity=&#8221;1&#8243; column_backdrop_filter=&#8221;none&#8221; column_shadow=&#8221;none&#8221;&#8230;<\/p>\n","protected":false},"author":2,"featured_media":0,"parent":0,"menu_order":0,"comment_status":"closed","ping_status":"open","template":"","meta":{"inline_featured_image":false,"footnotes":""},"class_list":["post-3032","page","type-page","status-publish"],"_links":{"self":[{"href":"https:\/\/cotinfant.com\/infant\/pt-pt\/wp-json\/wp\/v2\/pages\/3032"}],"collection":[{"href":"https:\/\/cotinfant.com\/infant\/pt-pt\/wp-json\/wp\/v2\/pages"}],"about":[{"href":"https:\/\/cotinfant.com\/infant\/pt-pt\/wp-json\/wp\/v2\/types\/page"}],"author":[{"embeddable":true,"href":"https:\/\/cotinfant.com\/infant\/pt-pt\/wp-json\/wp\/v2\/users\/2"}],"replies":[{"embeddable":true,"href":"https:\/\/cotinfant.com\/infant\/pt-pt\/wp-json\/wp\/v2\/comments?post=3032"}],"version-history":[{"count":4,"href":"https:\/\/cotinfant.com\/infant\/pt-pt\/wp-json\/wp\/v2\/pages\/3032\/revisions"}],"predecessor-version":[{"id":3223,"href":"https:\/\/cotinfant.com\/infant\/pt-pt\/wp-json\/wp\/v2\/pages\/3032\/revisions\/3223"}],"wp:attachment":[{"href":"https:\/\/cotinfant.com\/infant\/pt-pt\/wp-json\/wp\/v2\/media?parent=3032"}],"curies":[{"name":"wp","href":"https:\/\/api.w.org\/{rel}","templated":true}]}}