{"id":2573,"date":"2024-05-16T13:37:32","date_gmt":"2024-05-16T13:37:32","guid":{"rendered":"https:\/\/cotinfant.com\/infant\/politica-de-cookies\/"},"modified":"2024-10-03T14:00:06","modified_gmt":"2024-10-03T14:00:06","slug":"politica-de-cookies","status":"publish","type":"page","link":"https:\/\/cotinfant.com\/infant\/ca\/politica-de-cookies\/","title":{"rendered":"Pol\u00edtica de cookies"},"content":{"rendered":"[vc_row type=&#8221;in_container&#8221; full_screen_row_position=&#8221;middle&#8221; column_margin=&#8221;default&#8221; column_direction=&#8221;default&#8221; column_direction_tablet=&#8221;default&#8221; column_direction_phone=&#8221;default&#8221; scene_position=&#8221;center&#8221; text_color=&#8221;dark&#8221; text_align=&#8221;left&#8221; row_border_radius=&#8221;none&#8221; row_border_radius_applies=&#8221;bg&#8221; overflow=&#8221;visible&#8221; overlay_strength=&#8221;0.3&#8243; gradient_direction=&#8221;left_to_right&#8221; shape_divider_position=&#8221;bottom&#8221; bg_image_animation=&#8221;none&#8221;][vc_column column_padding=&#8221;no-extra-padding&#8221; column_padding_tablet=&#8221;inherit&#8221; column_padding_phone=&#8221;inherit&#8221; column_padding_position=&#8221;all&#8221; column_element_direction_desktop=&#8221;default&#8221; column_element_spacing=&#8221;default&#8221; desktop_text_alignment=&#8221;default&#8221; tablet_text_alignment=&#8221;default&#8221; phone_text_alignment=&#8221;default&#8221; background_color_opacity=&#8221;1&#8243; background_hover_color_opacity=&#8221;1&#8243; column_backdrop_filter=&#8221;none&#8221; column_shadow=&#8221;none&#8221; column_border_radius=&#8221;none&#8221; column_link_target=&#8221;_self&#8221; column_position=&#8221;default&#8221; gradient_direction=&#8221;left_to_right&#8221; overlay_strength=&#8221;0.3&#8243; width=&#8221;1\/1&#8243; tablet_width_inherit=&#8221;default&#8221; animation_type=&#8221;default&#8221; bg_image_animation=&#8221;none&#8221; border_type=&#8221;simple&#8221; column_border_width=&#8221;none&#8221; column_border_style=&#8221;solid&#8221;][vc_column_text text_direction=&#8221;default&#8221;]<b>INTRODUCCI\u00d3<\/b><\/p>\n<p><span style=\"font-weight: 400;\">El lloc web de <\/span><b>COTINFANT<\/b><span style=\"font-weight: 400;\"> utilitza cookies pr\u00f2pies i de tercers. Una cookie \u00e9s un fitxer que es descarrega al teu ordinador quan accedeixes a determinades p\u00e0gines web. Les cookies permeten a un lloc web, entre altres coses, emmagatzemar i recuperar informaci\u00f3 sobre els h\u00e0bits de navegaci\u00f3 d\u2019un usuari o del seu dispositiu i, segons la informaci\u00f3 que continguin i la manera com utilitzis el dispositiu, poden utilitzar-se per recon\u00e8ixer l\u2019usuari. Les cookies estan associades \u00fanicament a un usuari an\u00f2nim i el seu dispositiu, i no proporcionen dades que permetin con\u00e8ixer les teves dades personals. <\/span><\/p>\n<p><span style=\"font-weight: 400;\">L\u2019usuari pot, en qualsevol moment, acceptar o rebutjar les cookies instal\u00b7lades que no siguin estrictament necess\u00e0ries per al correcte funcionament del lloc web i l\u2019acc\u00e9s als seus serveis, mitjan\u00e7ant el panell d\u2019ajust de cookies proporcionat al nostre lloc web. A m\u00e9s, l\u2019usuari pot configurar el seu navegador en qualsevol moment sense perjudicar la possibilitat d\u2019accedir als continguts. No obstant aix\u00f2, t\u2019informem que rebutjar les cookies pot disminuir el bon funcionament del lloc web. <\/span><\/p>\n<p><b>COOKIES AFECTADES PER LA NORMATIVA I COOKIES EXEMPTE<\/b><\/p>\n<p><span style=\"font-weight: 400;\">D\u2019acord amb la directiva de la UE, les cookies que requereixen el consentiment informat de l\u2019usuari s\u00f3n les cookies d\u2019an\u00e0lisi, publicitat i afiliaci\u00f3, estant exemptes les cookies de car\u00e0cter t\u00e8cnic i les necess\u00e0ries per al funcionament del lloc web o la prestaci\u00f3 de serveis sol\u00b7licitats per l\u2019usuari.<\/span><\/p>\n<p><b>TIPUS DE COOKIES<\/b><\/p>\n<ol>\n<li><span style=\"font-weight: 400;\">a) Segons l\u2019entitat que les gestioni, hi ha cookies pr\u00f2pies (les que s\u2019envien al dispositiu de l\u2019usuari des d\u2019un domini gestionat pel propi editor i des del qual es presta el servei sol\u00b7licitat per l\u2019usuari) i cookies de tercers (les que s\u2019envien al dispositiu de l\u2019usuari des d\u2019un domini que no \u00e9s gestionat per l\u2019editor, sin\u00f3 per una altra entitat que tracta les dades obtingudes mitjan\u00e7ant cookies).<\/span><\/li>\n<li><span style=\"font-weight: 400;\">b) Segons el temps que romanen actives, hi ha cookies de sessi\u00f3 (dissenyades per recollir i emmagatzemar dades mentre l\u2019usuari accedeix a una p\u00e0gina web) i cookies persistents (en les quals les dades s\u2019emmagatzemen al dispositiu i poden ser accedides i tractades durant un per\u00edode definit pel responsable de les cookies, que pot anar de pocs minuts a diversos anys).<\/span><\/li>\n<li><span style=\"font-weight: 400;\">c) Segons la finalitat per la qual tracten la informaci\u00f3 que recullen, poden ser:<\/span><\/li>\n<\/ol>\n<ul>\n<li style=\"font-weight: 400;\" aria-level=\"1\"><span style=\"font-weight: 400;\">Cookies t\u00e8cniques (necess\u00e0ries per a l\u2019\u00fas del web i la prestaci\u00f3 del servei contractat);<\/span><\/li>\n<li style=\"font-weight: 400;\" aria-level=\"1\"><span style=\"font-weight: 400;\">Cookies de personalitzaci\u00f3 (que permeten a l\u2019usuari accedir al servei amb caracter\u00edstiques predefinides, com ara l&#8217;idioma, el tipus de navegador, la configuraci\u00f3 regional, etc.);<\/span><\/li>\n<li style=\"font-weight: 400;\" aria-level=\"1\"><span style=\"font-weight: 400;\">Cookies d\u2019an\u00e0lisi (recullen informaci\u00f3 sobre l\u2019\u00fas que fa l\u2019usuari del lloc web);<\/span><\/li>\n<li style=\"font-weight: 400;\" aria-level=\"1\"><span style=\"font-weight: 400;\">Cookies publicit\u00e0ries (recullen informaci\u00f3 sobre les prefer\u00e8ncies i eleccions personals dels usuaris);<\/span><\/li>\n<li style=\"font-weight: 400;\" aria-level=\"1\"><span style=\"font-weight: 400;\">Cookies d\u2019afiliaci\u00f3 (permeten fer el seguiment de les visites procedents d\u2019altres llocs web amb els quals el lloc estableix un contracte d\u2019afiliaci\u00f3).<\/span><\/li>\n<\/ul>\n<p><b>TIPUS DE COOKIES UTILITZADES EN AQUEST LLOC WEB <\/b><b>Necess\u00e0ries<\/b><\/p>\n<p><span style=\"font-weight: 400;\">Les cookies necess\u00e0ries s\u00f3n crucials per a les funcions b\u00e0siques del lloc web, i el lloc no funcionar\u00e0 com s\u2019espera sense elles. Aquestes cookies no emmagatzemen cap dada d\u2019identificaci\u00f3 personal. <\/span><\/p>\n<p><b>Funcionals<\/b><\/p>\n<p><span style=\"font-weight: 400;\">Les cookies funcionals ajuden a realitzar determinades funcionalitats, com ara compartir el contingut del lloc web a les xarxes socials, recollir comentaris i altres funcions de tercers.<\/span><\/p>\n<p><b>Anal\u00edtiques<\/b><\/p>\n<p><span style=\"font-weight: 400;\">Les cookies anal\u00edtiques s\u2019utilitzen per entendre com interactuen els visitants amb el lloc web. Aquestes cookies ajuden a proporcionar informaci\u00f3 sobre m\u00e8triques, nombre de visitants, taxa de rebot, origen del tr\u00e0nsit, etc. <\/span><\/p>\n<p><span style=\"font-weight: 400;\">Mentre navegues pel nostre lloc web, es poden emmagatzemar al teu navegador les cookies de les nostres xarxes socials. A continuaci\u00f3, s\u2019expliquen els enlla\u00e7os sobre les pol\u00edtiques de cookies de les xarxes socials que utilitzem en aquest lloc web: <\/span><\/p>\n<ul>\n<li style=\"font-weight: 400;\" aria-level=\"1\"><span style=\"font-weight: 400;\">Cookies de Facebook, consulta m\u00e9s informaci\u00f3 en<\/span> <a href=\"https:\/\/www.facebook.com\/policies\/cookies\/\"><span style=\"font-weight: 400;\">la seva pol\u00edtica de cookies.<\/span><\/a><\/li>\n<li style=\"font-weight: 400;\" aria-level=\"1\"><span style=\"font-weight: 400;\">Cookies de &#8220;X&#8221;, consulta m\u00e9s informaci\u00f3 en la seva pol\u00edtica de cookies.<\/span><\/li>\n<li style=\"font-weight: 400;\" aria-level=\"1\"><span style=\"font-weight: 400;\">Cookies d\u2019Instagram, consulta m\u00e9s informaci\u00f3 en la seva<\/span><span style=\"font-weight: 400;\"><a href=\"https:\/\/help.instagram.com\/1896641480634370?ref=ig\"> pol\u00edtica de cookies.<\/a><\/span><\/li>\n<li style=\"font-weight: 400;\" aria-level=\"1\"><span style=\"font-weight: 400;\">Cookies de LinkedIn, consulta m\u00e9s informaci\u00f3 en la seva<\/span> <a href=\"https:\/\/www.linkedin.com\/legal\/cookie-policy\"><span style=\"font-weight: 400;\">pol\u00edtica de cookies.<\/span><\/a><\/li>\n<li style=\"font-weight: 400;\" aria-level=\"1\"><span style=\"font-weight: 400;\">Cookies de Pinterest, consulta m\u00e9s informaci\u00f3 en la seva pol\u00edtica de cookies.<\/span><\/li>\n<li style=\"font-weight: 400;\" aria-level=\"1\"><span style=\"font-weight: 400;\">Cookies de YouTube, consulta m\u00e9s informaci\u00f3 en la seva<\/span><a href=\"https:\/\/www.youtube.com\/static?template=privacy_guidelines\"><span style=\"font-weight: 400;\"> pol\u00edtica de cookies.<\/span><\/a><\/li>\n<li style=\"font-weight: 400;\" aria-level=\"1\"><span style=\"font-weight: 400;\">Cookies de TikTok, consulta m\u00e9s informaci\u00f3 en la seva pol\u00edtica de cookies.<\/span><\/li>\n<\/ul>\n<p><b>REVOCACI\u00d3<\/b><\/p>\n<p><span style=\"font-weight: 400;\">Pots accedir en qualsevol moment a la configuraci\u00f3 del navegador per acceptar o rebutjar totes les cookies o seleccionar aquelles que vols permetre, seguint un dels procediments seg\u00fcents, depenent del navegador que utilitzis:<\/span><\/p>\n<ul>\n<li style=\"font-weight: 400;\" aria-level=\"1\"><b>Google Chrome<\/b><span style=\"font-weight: 400;\"> (al Men\u00fa Eines): Configuraci\u00f3 &gt; Mostrar opcions avan\u00e7ades &gt; Privacitat (Configuraci\u00f3 de continguts) &gt; Cookies:<\/span><a href=\"https:\/\/support.google.com\/chrome\/answer\/95647?co=GENIE.Platform%3DDesktopandhl=es\"> <span style=\"font-weight: 400;\">https:\/\/support.google.com\/chrome\/answer\/95647?co=GENIE.Platform%3DDesktopandhl=es<\/span><\/a><\/li>\n<li style=\"font-weight: 400;\" aria-level=\"1\"><b>Microsoft Edge<\/b><span style=\"font-weight: 400;\"> (en el Men\u00fa Configuraci\u00f3): Configuraci\u00f3 &gt; Cookies i permisos de lloc: edge:\/\/settings\/content\/cookies<\/span><\/li>\n<li style=\"font-weight: 400;\" aria-level=\"1\"><b>Firefox<\/b><span style=\"font-weight: 400;\">: Opcions &gt; Privacitat &gt; Cookies:<\/span><a href=\"https:\/\/support.mozilla.org\/es\/kb\/habilitar-y-deshabilitar-cookies-sitios-web-rastrear-preferencias\"> <span style=\"font-weight: 400;\">https:\/\/support.mozilla.org\/es\/kb\/habilitar-y-deshabilitar-cookies-sitios-web-rastrear-preferencias<\/span><\/a><\/li>\n<li style=\"font-weight: 400;\" aria-level=\"1\"><b>Opera<\/b><span style=\"font-weight: 400;\">: Configuraci\u00f3 &gt; Opcions &gt; Avan\u00e7ades &gt; Cookies:<\/span><a href=\"http:\/\/help.opera.com\/Windows\/12.00\/es-ES\/cookies.html\"> <span style=\"font-weight: 400;\">http:\/\/help.opera.com\/Windows\/12.00\/es-ES\/cookies.html<\/span><\/a><\/li>\n<\/ul>\n<p><span style=\"font-weight: 400;\">Aquests navegadors estan subjectes a actualitzacions o modificacions, de manera que no podem garantir que estiguin completament alineats amb la versi\u00f3 actual del teu navegador. Tamb\u00e9 pots utilitzar un altre navegador que no estigui incl\u00f2s en aquests enlla\u00e7os, com Konqueror, Arora, Flock, etc. Per evitar aquests problemes, pots accedir directament a les opcions del teu navegador, generalment al men\u00fa &#8220;Opcions&#8221; a la secci\u00f3 &#8220;Privacitat&#8221;. (Consulta l&#8217;ajuda del teu navegador per obtenir m\u00e9s informaci\u00f3).<\/span><\/p>\n<p><b>CANVIS EN LA PRESENT POL\u00cdTICA DE COOKIES<\/b><br \/>\n<b>DESACTIVACI\u00d3\/ACTIVACI\u00d3 I ELIMINACI\u00d3 DE COOKIES<\/b><\/p>\n<p><span style=\"font-weight: 400;\">Per restringir o bloquejar cookies, fes-ho a trav\u00e9s de la configuraci\u00f3 del navegador.<\/span><\/p>\n<p><span style=\"font-weight: 400;\">Si no vols que els llocs web col\u00b7loquin cookies al teu dispositiu, pots configurar el navegador perqu\u00e8 t&#8217;avisi abans que qualsevol cookie sigui col\u00b7locada. De la mateixa manera, pots configurar-lo perqu\u00e8 el navegador rebutgi totes les cookies o nom\u00e9s cookies de tercers. Tamb\u00e9 pots eliminar qualsevol cookie que ja es trobi al dispositiu. Recorda que haur\u00e0s de configurar aix\u00f2 per separat per a cada navegador i dispositiu que utilitzis. <\/span><\/p>\n<p><span style=\"font-weight: 400;\">Si decideixes no rebre cookies, no podem garantir que el nostre lloc web funcioni correctament. Algunes funcions del lloc es poden perdre i pot ser que no puguis visualitzar certs llocs web. A m\u00e9s, rebutjar les cookies no significa que ja no veur\u00e0s anuncis. Simplement els anuncis no s&#8217;ajustaran als teus interessos i es repetiran amb m\u00e9s freq\u00fc\u00e8ncia. <\/span><\/p>\n<p><span style=\"font-weight: 400;\">Cada navegador t\u00e9 un m\u00e8tode diferent per ajustar la configuraci\u00f3. Si \u00e9s necessari, consulta la funci\u00f3 d&#8217;ajuda del navegador per establir la configuraci\u00f3 correcta. <\/span><\/p>\n<p><span style=\"font-weight: 400;\">Per desactivar cookies en el m\u00f2bil, consulta el manual del dispositiu per obtenir m\u00e9s informaci\u00f3.<\/span> <span style=\"font-weight: 400;\">Pots obtenir m\u00e9s informaci\u00f3 sobre les cookies a Internet a<\/span><a href=\"http:\/\/www.aboutcookies.org\/\"> <span style=\"font-weight: 400;\">http:\/\/www.aboutcookies.org\/<\/span><\/a><span style=\"font-weight: 400;\"> .<\/span><\/p>\n<p><span style=\"font-weight: 400;\">Tenint en compte com funcionen Internet i els llocs web, no sempre disposem d&#8217;informaci\u00f3 sobre les cookies que tercers poden col\u00b7locar a trav\u00e9s del nostre lloc web. Aix\u00f2 s&#8217;aplica especialment a casos en qu\u00e8 la nostra p\u00e0gina cont\u00e9 elements integrats: textos, documents, imatges o v\u00eddeos que estan emmagatzemats en una altra part, per\u00f2 que es mostren al nostre lloc web. <\/span><\/p>\n<p><span style=\"font-weight: 400;\">Per tant, si trobes aquest tipus de cookies al nostre lloc web i no estan incloses a la llista anterior, et preguem que ens ho facis saber. O b\u00e9 posa&#8217;t en contacte directament amb el tercer per sol\u00b7licitar informaci\u00f3 sobre les cookies que col\u00b7loca, la seva finalitat i la durada de la cookie, aix\u00ed com sobre com ha garantit la teva privadesa. <\/span><\/p>\n<p><b>INFORMACI\u00d3 RELACIONADA AMB EL TRACTAMENT DE DADES PERSONALS (ART. 13 RGPD)<\/b><br \/>\n<b>Qui \u00e9s el responsable del tractament de les teves dades personals?<\/b><\/p>\n<p><span style=\"font-weight: 400;\"><strong>COTINFANT S.L<\/strong> \u00e9s el responsable del tractament de les dades personals que ens proporciones, amb seu a Carretera Malars, s\/n 08510 Roda de Ter (Barcelona) Espanya, amb NIF B62010764, i el correu electr\u00f2nic de contacte cotinfant@cotinfant.com.<\/span><\/p>\n<p><b>Per a qu\u00e8 utilitzem les teves dades personals?<\/b><\/p>\n<p><span style=\"font-weight: 400;\">La informaci\u00f3 recollida a trav\u00e9s de cookies pr\u00f2pies (cookies de sessi\u00f3 i d&#8217;entrada d&#8217;usuari) normalment s&#8217;utilitza per fer el seguiment de les accions de l&#8217;usuari en completar formularis en l\u00ednia en diverses p\u00e0gines o com a cistella de la compra per seguir els articles seleccionats per l&#8217;usuari en fer clic a un bot\u00f3, o per personalitzar la interf\u00edcie d&#8217;usuari quan visita el lloc web.<\/span><\/p>\n<p><span style=\"font-weight: 400;\">La informaci\u00f3 recollida a trav\u00e9s de cookies de tercers inclou:<\/span><\/p>\n<ul>\n<li style=\"font-weight: 400;\" aria-level=\"1\"><span style=\"font-weight: 400;\">A trav\u00e9s de cookies anal\u00edtiques, analitzem els teus h\u00e0bits de navegaci\u00f3 per millorar els serveis prestats;<\/span><\/li>\n<li style=\"font-weight: 400;\" aria-level=\"1\"><span style=\"font-weight: 400;\">A trav\u00e9s de cookies publicit\u00e0ries, mesurem el rendiment dels anuncis i proporcionem recomanacions de productes basades en dades estad\u00edstiques.<\/span><\/li>\n<\/ul>\n<p><span style=\"font-weight: 400;\">Per veure exactament com utilitzem les cookies, consulta el quadre d&#8217;\u00fas de cookies en aquest document.<\/span><\/p>\n<p><b>Quina \u00e9s la base legal per al tractament de les teves dades personals?<\/b><\/p>\n<p><span style=\"font-weight: 400;\">La legitimaci\u00f3 per al tractament de les teves dades personals \u00e9s el teu consentiment, atorgat en posar-te en contacte amb nosaltres, per a l&#8217;\u00fas de cookies anal\u00edtiques, de comportament i publicit\u00e0ries; per a cookies de sessi\u00f3 o de personalitzaci\u00f3, la legitimaci\u00f3 per al tractament es basa en l&#8217;inter\u00e8s leg\u00edtim del prove\u00efdor (responsable del tractament).<\/span><\/p>\n<p><b>Amb qui compartim les teves dades?<\/b><\/p>\n<p><span style=\"font-weight: 400;\">Cap dada ser\u00e0 transferida o comunicada a tercers, excepte per obligaci\u00f3 legal o als tercers indicats en cas d&#8217;\u00fas de cookies gestionades per ells.<\/span><\/p>\n<p><b>Quant de temps conservem les teves dades?<\/b><\/p>\n<p><span style=\"font-weight: 400;\">El per\u00edode de conservaci\u00f3 de les dades recollides \u00e9s l&#8217;especificat al quadre d&#8217;\u00fas de cookies en aquest document.<\/span><\/p>\n<p><b>Quins s\u00f3n els teus drets?<\/b><\/p>\n<p><span style=\"font-weight: 400;\">Els drets de l&#8217;usuari inclouen acc\u00e9s, rectificaci\u00f3, eliminaci\u00f3, portabilitat de les dades, retirada del consentiment (sense que aix\u00f2 afecti la licitud del tractament anterior a la retirada), oposici\u00f3 al tractament, limitaci\u00f3 (en determinades circumst\u00e0ncies) i presentaci\u00f3 d&#8217;una reclamaci\u00f3 davant l&#8217;autoritat de control.<\/span><a href=\"http:\/\/www.aepd.es\"> <span style=\"font-weight: 400;\">www.aepd.es<\/span><\/a><span style=\"font-weight: 400;\">).<\/span>[\/vc_column_text][\/vc_column][\/vc_row]\n","protected":false},"excerpt":{"rendered":"<p>[vc_row type=&#8221;in_container&#8221; full_screen_row_position=&#8221;middle&#8221; column_margin=&#8221;default&#8221; column_direction=&#8221;default&#8221; column_direction_tablet=&#8221;default&#8221; column_direction_phone=&#8221;default&#8221; scene_position=&#8221;center&#8221; text_color=&#8221;dark&#8221; text_align=&#8221;left&#8221; row_border_radius=&#8221;none&#8221; row_border_radius_applies=&#8221;bg&#8221; overflow=&#8221;visible&#8221; overlay_strength=&#8221;0.3&#8243; gradient_direction=&#8221;left_to_right&#8221; shape_divider_position=&#8221;bottom&#8221; bg_image_animation=&#8221;none&#8221;][vc_column column_padding=&#8221;no-extra-padding&#8221; column_padding_tablet=&#8221;inherit&#8221; column_padding_phone=&#8221;inherit&#8221; column_padding_position=&#8221;all&#8221; column_element_direction_desktop=&#8221;default&#8221; column_element_spacing=&#8221;default&#8221; desktop_text_alignment=&#8221;default&#8221; tablet_text_alignment=&#8221;default&#8221; phone_text_alignment=&#8221;default&#8221; background_color_opacity=&#8221;1&#8243; background_hover_color_opacity=&#8221;1&#8243; column_backdrop_filter=&#8221;none&#8221; column_shadow=&#8221;none&#8221;&#8230;<\/p>\n","protected":false},"author":2,"featured_media":0,"parent":0,"menu_order":0,"comment_status":"closed","ping_status":"closed","template":"","meta":{"inline_featured_image":false,"footnotes":""},"class_list":["post-2573","page","type-page","status-publish"],"_links":{"self":[{"href":"https:\/\/cotinfant.com\/infant\/ca\/wp-json\/wp\/v2\/pages\/2573"}],"collection":[{"href":"https:\/\/cotinfant.com\/infant\/ca\/wp-json\/wp\/v2\/pages"}],"about":[{"href":"https:\/\/cotinfant.com\/infant\/ca\/wp-json\/wp\/v2\/types\/page"}],"author":[{"embeddable":true,"href":"https:\/\/cotinfant.com\/infant\/ca\/wp-json\/wp\/v2\/users\/2"}],"replies":[{"embeddable":true,"href":"https:\/\/cotinfant.com\/infant\/ca\/wp-json\/wp\/v2\/comments?post=2573"}],"version-history":[{"count":4,"href":"https:\/\/cotinfant.com\/infant\/ca\/wp-json\/wp\/v2\/pages\/2573\/revisions"}],"predecessor-version":[{"id":2885,"href":"https:\/\/cotinfant.com\/infant\/ca\/wp-json\/wp\/v2\/pages\/2573\/revisions\/2885"}],"wp:attachment":[{"href":"https:\/\/cotinfant.com\/infant\/ca\/wp-json\/wp\/v2\/media?parent=2573"}],"curies":[{"name":"wp","href":"https:\/\/api.w.org\/{rel}","templated":true}]}}