{"id":2568,"date":"2022-11-03T07:30:15","date_gmt":"2022-11-03T07:30:15","guid":{"rendered":"https:\/\/cotinfant.com\/infant\/politica-privacidad\/"},"modified":"2024-10-01T13:23:32","modified_gmt":"2024-10-01T13:23:32","slug":"politica-privacitat","status":"publish","type":"page","link":"https:\/\/cotinfant.com\/infant\/ca\/politica-privacitat\/","title":{"rendered":"pol\u00edtica de privacitat"},"content":{"rendered":"[vc_row type=&#8221;in_container&#8221; full_screen_row_position=&#8221;middle&#8221; column_margin=&#8221;default&#8221; column_direction=&#8221;default&#8221; column_direction_tablet=&#8221;default&#8221; column_direction_phone=&#8221;default&#8221; scene_position=&#8221;center&#8221; text_color=&#8221;dark&#8221; text_align=&#8221;left&#8221; row_border_radius=&#8221;none&#8221; row_border_radius_applies=&#8221;bg&#8221; overflow=&#8221;visible&#8221; overlay_strength=&#8221;0.3&#8243; gradient_direction=&#8221;left_to_right&#8221; shape_divider_position=&#8221;bottom&#8221; bg_image_animation=&#8221;none&#8221;][vc_column column_padding=&#8221;no-extra-padding&#8221; column_padding_tablet=&#8221;inherit&#8221; column_padding_phone=&#8221;inherit&#8221; column_padding_position=&#8221;all&#8221; column_element_direction_desktop=&#8221;default&#8221; column_element_spacing=&#8221;default&#8221; desktop_text_alignment=&#8221;default&#8221; tablet_text_alignment=&#8221;default&#8221; phone_text_alignment=&#8221;default&#8221; background_color_opacity=&#8221;1&#8243; background_hover_color_opacity=&#8221;1&#8243; column_backdrop_filter=&#8221;none&#8221; column_shadow=&#8221;none&#8221; column_border_radius=&#8221;none&#8221; column_link_target=&#8221;_self&#8221; column_position=&#8221;default&#8221; gradient_direction=&#8221;left_to_right&#8221; overlay_strength=&#8221;0.3&#8243; width=&#8221;1\/1&#8243; tablet_width_inherit=&#8221;default&#8221; animation_type=&#8221;default&#8221; bg_image_animation=&#8221;none&#8221; border_type=&#8221;simple&#8221; column_border_width=&#8221;none&#8221; column_border_style=&#8221;solid&#8221;][vc_column_text text_direction=&#8221;default&#8221;]\n<p>POL\u00cdTICA DE PRIVACITAT<\/p>\n<p>La teva privacitat \u00e9s important per a nosaltres, per aix\u00f2, a trav\u00e9s d\u2019aquest document t\u2019expliquem quines dades recopilem dels usuaris, com les utilitzem i amb quines finalitats, entre altres informacions. Els majors de 14 anys poden registrar-se com a usuaris sense el consentiment previ dels pares, tutors o representants legals. En el cas de menors de 14 anys o identificats com a &#8220;incapacitats legalment&#8221;, sempre necessitarem el consentiment dels pares, tutors o representants legals.<\/p>\n<p>Per a la teva informaci\u00f3, mai sol\u00b7licitarem m\u00e9s informaci\u00f3 de la que realment necessitem per als serveis requerits; mai la compartirem amb tercers, excepte per obligaci\u00f3 legal o amb la teva autoritzaci\u00f3 pr\u00e8via; i mai utilitzarem les teves dades per a cap finalitat que no hagi estat pr\u00e8viament informada.<\/p>\n<p>Com a usuari, haur\u00e0s de llegir atentament aquesta Pol\u00edtica de Privacitat regularment, i cada vegada que introdueixis les teves dades personals, ja que aquest document pot sofrir modificacions at\u00e8s que el prestador pot modificar qualsevol informaci\u00f3 que aparegui al lloc web per complir amb la normativa o actualitzar la pol\u00edtica, sense que existeixi l&#8217;obligaci\u00f3 de notificar o informar pr\u00e8viament els usuaris d\u2019aquestes modificacions, essent suficient la seva publicaci\u00f3 al lloc web del prestador.<\/p>\n<p>RESPONSABLE DEL TRACTAMENT:<\/p>\n<p>Identitat: COTINFANT S.L. (tamb\u00e9 el prestador)<br \/>NIF: B62010764<br \/>Adre\u00e7a postal: Carretera Malars, s\/n 08510 Roda de Ter (Barcelona) Espanya<br \/>Correu electr\u00f2nic: castane@cotinfant.com<\/p>\n<p>COTINFANT S.L., com a responsable del lloc web, de conformitat amb el que disposa el Reglament (UE) 2016\/679 de 27 d&#8217;abril de 2016 (RGPD), la Llei Org\u00e0nica 3\/2018 de 5 de desembre (LOPDGDD) i la resta de normativa vigent en mat\u00e8ria de protecci\u00f3 de dades personals, aix\u00ed com per la Llei 34\/2002, d&#8217;11 de juliol, de Serveis de la Societat de la Informaci\u00f3 i del Comer\u00e7 Electr\u00f2nic (LSSICE), t&#8217;informa que ha implementat les mesures de seguretat necess\u00e0ries, tant t\u00e8cniques com organitzatives, per garantir i protegir la confidencialitat, integritat i disponibilitat de les dades introdu\u00efdes.<\/p>\n<p>M\u00c8TODE D\u2019OBTENCI\u00d3 DE LES DADES I DADES QUE RECOPILEM: Les dades que recopilem i la manera com les obtenim s\u00f3n les seg\u00fcents:<\/p>\n<p>Mitjan\u00e7ant el formulari de contacte: nom, correu electr\u00f2nic, tel\u00e8fon, prov\u00edncia.<br \/>No es tracten categories de dades especialment protegides.<\/p>\n<p>FINALITAT DEL TRACTAMENT:<\/p>\n<p>Les teves dades personals seran utilitzades nom\u00e9s per a les seg\u00fcents finalitats, sempre amb el teu consentiment per a cadascuna d\u2019elles a la secci\u00f3 corresponent del lloc web:<\/p>\n<ol>\n<li>Formulari de contacte: per respondre les consultes i\/o proporcionar la informaci\u00f3 sol\u00b7licitada per l\u2019usuari;<\/li>\n<li>Altres finalitats:<\/li>\n<\/ol>\n<ul>\n<li>Realitzar gestions comercials, administratives, fiscals i comptables que siguin necess\u00e0ries en virtut de la legislaci\u00f3 vigent;<\/li>\n<li>Con\u00e8ixer la teva opini\u00f3 i millorar els serveis prestats pel lloc web;<\/li>\n<li>Realitzar an\u00e0lisis de perfils i d\u2019usabilitat del lloc web, mitjan\u00e7ant cookies (esmentades a la pol\u00edtica de cookies);<\/li>\n<li>Xarxes socials: a l&#8217;apartat corresponent, s\u2019especifica l\u2019\u00fas de les xarxes socials.<\/li>\n<\/ul>\n<p>\u00daS DE FOTOGRAFIES:<\/p>\n<p>Les fotografies publicades al lloc web s\u00f3n propietat de COTINFANT S.L., incloses les de menors, per a les quals s\u2019ha obtingut el consentiment previ dels pares, tutors o representants legals mitjan\u00e7ant la signatura de formularis realitzats a aquest efecte per les institucions de les quals els menors formen part. No obstant aix\u00f2, els pares, tutors o representants dels menors, com a titulars de l\u2019exercici dels seus drets, poden, mitjan\u00e7ant sol\u00b7licitud formal per escrit, indicar la negativa a l\u2019\u00fas de la imatge del menor; en aquest cas, la imatge es mostrar\u00e0 pixelada.<\/p>\n<p>Pots revocar el teu consentiment en qualsevol moment enviant una sol\u00b7licitud amb l\u2019assumpte &#8220;Cancel\u00b7laci\u00f3&#8221; al correu electr\u00f2nic proporcionat.<\/p>\n<p>D\u2019acord amb la LSSICE, COTINFANT S.L. no practica l\u2019enviament de correus comercials no sol\u00b7licitats (SPAM), \u00e9s a dir, no envia correus electr\u00f2nics comercials sense el consentiment previ de l\u2019usuari. Per tant, a totes les comunicacions que rebis del prestador, tindr\u00e0s l\u2019oportunitat de cancel\u00b7lar el teu consentiment per seguir rebent les nostres comunicacions.<\/p>\n<p>No tractarem les teves dades personals per a cap altra finalitat, excepte per obligaci\u00f3 legal o requeriment judicial.<\/p>\n<p>Les teves dades no seran objecte de decisions automatitzades que produeixin efectes sobre aquestes.<\/p>\n<p>LEGITIMACI\u00d3 DEL TRACTAMENT:<\/p>\n<p>La base legal per al tractament de les dades \u00e9s el teu consentiment, proporcionat en el moment en qu\u00e8 introdueixes les teves dades al formulari corresponent per a realitzar les finalitats indicades, marcant la casella de verificaci\u00f3.<\/p>\n<p>L&#8217;oferta prospectiva o comercial de productes i serveis est\u00e0 basada en el consentiment sol\u00b7licitat, i la retirada d\u2019aquest consentiment no condicionar\u00e0, en cap cas, l\u2019execuci\u00f3 del contracte de subscripci\u00f3.<\/p>\n<p>El fet de no proporcionar les dades personals sol\u00b7licitades o de no acceptar aquesta pol\u00edtica de privacitat impossibilitar\u00e0 la consecuci\u00f3 de les finalitats descrites anteriorment.<\/p>\n<p>En els casos en qu\u00e8 ja hi hagi una relaci\u00f3 contractual entre les parts, la legitimaci\u00f3 per al desenvolupament de les obligacions administratives, fiscals, comptables i laborals ser\u00e0 la relaci\u00f3 comercial establerta entre les parts.<\/p>\n<p>TERMINI DE CONSERVACI\u00d3 DE LES DADES:<\/p>\n<p>Les teves dades es conservaran mentre duri la relaci\u00f3 comercial amb nosaltres o fins que exerceixis el teu dret de cancel\u00b7laci\u00f3, oposici\u00f3 o sol\u00b7licitis la limitaci\u00f3 del tractament. No obstant aix\u00f2, conservarem les teves dades durant els terminis legalment previstos en les disposicions aplicables.<\/p>\n<p>DESTINATARIS DE CESSIONS O TRANSFER\u00c8NCIES:<\/p>\n<p>COTINFANT S.L. no cedeix ni comunica dades ni dins ni fora de la UE. El prestador nom\u00e9s facilitar\u00e0 informaci\u00f3 a les forces de seguretat sota ordre judicial o per obligaci\u00f3 legal, sense perjudici de poder bloquejar o cancel\u00b7lar el teu compte si hi ha indicis de la comissi\u00f3 d\u2019un delicte per part de l\u2019usuari. La informaci\u00f3 facilitada ser\u00e0 nom\u00e9s la que tingui el prestador en aquell moment.<\/p>\n<p>Les dades que ens proporcionis a trav\u00e9s del lloc web seran allotjades als servidors de COTINFANT S.L., contractats amb l\u2019empresa que presta el servei d\u2019allotjament del lloc web. El tractament de les dades de l\u2019entitat est\u00e0 regulat mitjan\u00e7ant un contracte de tractament entre el prestador i aquesta empresa. En cap cas, aquest encarregat subcontractar\u00e0 serveis que comportin algun tractament de dades per part de tercers sense el nostre consentiment previ.<\/p>\n<p>DRETS DELS INTERESSATS:<\/p>\n<p>Com a usuari-interessat, pots sol\u00b7licitar l&#8217;exercici dels seg\u00fcents drets davant de COTINFANT S.L., presentant un document a l&#8217;adre\u00e7a indicada al principi o enviant un correu electr\u00f2nic a cotinfant@cotinfant.com, indicant com a Assumpte: &#8220;PROTECCI\u00d3 DE DADES: DRETS DELS INTERESSATS&#8221;, i adjuntant una c\u00f2pia del teu document d\u2019identitat (DNI o equivalent), tal com indica la llei.<\/p>\n<p>Drets:<\/p>\n<p>Dret d\u2019acc\u00e9s: permet con\u00e8ixer i obtenir informaci\u00f3 sobre les dades personals tractades.<\/p>\n<p>Dret de rectificaci\u00f3 o supressi\u00f3: permet corregir errors i modificar les dades que siguin inexactes o incompletes.<\/p>\n<p>Dret de cancel\u00b7laci\u00f3: permet suprimir les dades inadequades o excessives.<\/p>\n<p>Dret d&#8217;oposici\u00f3: permet que les dades personals no siguin tractades o que el tractament cessi.<\/p>\n<p>Limitaci\u00f3 del tractament: implica la identificaci\u00f3 de les dades personals per limitar-ne el tractament futur, per a l&#8217;exercici o defensa de reclamacions.<\/p>\n<p>Portabilitat de les dades: disponibilitat de les dades perqu\u00e8 puguin ser transmeses a un altre responsable.<\/p>\n<p>Dret a no ser objecte de decisions automatitzades (incloent-hi l&#8217;elaboraci\u00f3 de perfils): dret a no ser objecte de decisions basades en el tractament automatitzat que afectin significativament les teves dades.<\/p>\n<p>Com a usuari, tens el dret de retirar el consentiment en qualsevol moment. La retirada del consentiment no afectar\u00e0 la licitud del tractament efectuat abans de la retirada.<\/p>\n<p>Tamb\u00e9 tens dret a presentar una reclamaci\u00f3 davant de l\u2019autoritat de control si consideres que els teus drets en mat\u00e8ria de protecci\u00f3 de dades poden haver estat vulnerats (aepd.es).<\/p>\n<p>MESURES DE SEGURETAT:<\/p>\n<p>Les dades que ens proporcionis seran tractades de forma confidencial. El prestador ha adoptat totes les mesures t\u00e8cniques i organitzatives necess\u00e0ries per garantir la seguretat en el tractament de les dades i evitar-ne l\u2019alteraci\u00f3, p\u00e8rdua, robatori, tractament o acc\u00e9s no autoritzat, d\u2019acord amb l\u2019estat de la tecnologia i la naturalesa de les dades emmagatzemades. Aix\u00ed mateix, es garanteix que el tractament i el registre en fitxers, programes, sistemes o equips, compleixen amb els requisits d&#8217;integritat i seguretat establerts a la normativa vigent.<\/p>\n<p>IDIOMA:<\/p>\n<p>L\u2019idioma aplicable a aquesta pol\u00edtica de privacitat \u00e9s el castell\u00e0. Per tant, en cas de contradicci\u00f3 en alguna de les versions facilitades en altres idiomes, prevaldr\u00e0 la versi\u00f3 en castell\u00e0.<\/p>\n<p>AN\u00c0LISI DE PERFILS<\/p>\n<p>La informaci\u00f3 proporcionada en els diferents formularis, durant la interacci\u00f3 amb el lloc web i qualsevol altra dada facilitada durant la navegaci\u00f3, inclosa la informaci\u00f3 subministrada per les cookies relacionada amb els h\u00e0bits de navegaci\u00f3, implica l&#8217;acceptaci\u00f3 del tractament d&#8217;aquestes dades per ser segmentades o categoritzades amb l&#8217;objectiu d&#8217;aplicar-les a l&#8217;activitat relacionada amb la gesti\u00f3 administrativa general, informaci\u00f3, comercialitzaci\u00f3 d&#8217;espais publicitaris, elaboraci\u00f3 de perfils, an\u00e0lisi de propostes sol\u00b7licitades per usuaris\/clients, estudi estad\u00edstic dels serveis i continguts utilitzats, gustos i prefer\u00e8ncies, enquestes o formularis. Les dades utilitzades en l&#8217;elaboraci\u00f3 d&#8217;aquests perfils no s\u00f3n dades que permetin identificar els usuaris, sin\u00f3 que nom\u00e9s mostren gr\u00e0ficament el tipus de p\u00fablic que interactua amb el lloc web, com l&#8217;edat, el pa\u00eds, el g\u00e8nere, etc.<\/p>\n<p>L&#8217;usuari que accedeixi a aquest lloc web consent expressament l&#8217;\u00fas d&#8217;aquesta informaci\u00f3 gen\u00e8rica per a tasques d&#8217;elaboraci\u00f3 de perfils, segmentaci\u00f3 i categoritzaci\u00f3 de dades amb les finalitats descrites en el par\u00e0graf anterior.<\/p>\n<p>XARXES SOCIALS<\/p>\n<p>T&#8217;informem que COTINFANT S.L. pot tenir pres\u00e8ncia a les xarxes socials. El tractament de les dades realitzat amb les persones que es facin seguidores a les xarxes socials (i\/o realitzin qualsevol vincle o acci\u00f3 de connexi\u00f3 a trav\u00e9s de les xarxes socials) de les p\u00e0gines oficials de COTINFANT S.L. es regir\u00e0 per aquesta secci\u00f3, aix\u00ed com per les condicions d&#8217;\u00fas, pol\u00edtiques de privacitat i normatives d&#8217;acc\u00e9s de la xarxa social corresponent, pr\u00e8viament acceptades per l&#8217;usuari.<\/p>\n<p>COTINFANT S.L. tractar\u00e0 les teves dades amb la finalitat d&#8217;administrar correctament la seva pres\u00e8ncia a la xarxa social, informant sobre activitats, productes o serveis del prestador, aix\u00ed com per a qualsevol altra finalitat permesa per les normatives de les Xarxes Socials.<\/p>\n<p>Est\u00e0 prohibida la publicaci\u00f3 de continguts que:<\/p>\n<ul>\n<li>Siguin presumptament il\u00b7legals segons la normativa nacional, comunit\u00e0ria o internacional, o que realitzin activitats presumptament il\u00b7legals o contr\u00e0ries als principis de la bona fe;<\/li>\n<li>Atentin contra els drets fonamentals de les persones, faltin al respecte a la cortesia a la xarxa, molestin o puguin generar opinions negatives en els nostres usuaris o tercers;<\/li>\n<li>En general, contravinguin els principis de legalitat, honestedat, responsabilitat, protecci\u00f3 de la dignitat humana, protecci\u00f3 de menors, protecci\u00f3 de l&#8217;ordre p\u00fablic, protecci\u00f3 de la vida privada, protecci\u00f3 del consumidor i dels drets de propietat intel\u00b7lectual i industrial.<\/li>\n<\/ul>\n<p>COTINFANT S.L. es reserva el dret d&#8217;eliminar, sense previ av\u00eds, continguts que es considerin inadequats del lloc web o de la xarxa social corporativa.<\/p>\n<p>En cas que envi\u00efs informaci\u00f3 personal a trav\u00e9s de la xarxa social, COTINFANT S.L. quedar\u00e0 exempta de responsabilitat respecte a les mesures de seguretat aplicables a aquesta plataforma. Si desitges con\u00e8ixer-les, l&#8217;usuari ha de consultar les condicions particulars de la xarxa social en q\u00fcesti\u00f3.<\/p>\n<p>ENVIAMENT DE CURR\u00cdCULUM<\/p>\n<p>En el cas que l&#8217;usuari envi\u00ef el seu curr\u00edculum a trav\u00e9s del nostre lloc web, informem que les dades proporcionades seran tractades per a la seva participaci\u00f3 en els processos de selecci\u00f3 que puguin tenir lloc, realitzant una an\u00e0lisi del perfil del candidat amb l&#8217;objectiu de seleccionar el millor candidat per al lloc ofert. Informem que aquest \u00e9s l&#8217;\u00fanic procediment oficial per acceptar el seu curr\u00edculum, i no s&#8217;acceptaran curr\u00edculums enviats per altres m\u00e8todes. Si es produeix algun canvi en les dades, preguem que ens ho comuniqui tan aviat com sigui possible per mantenir-les degudament actualitzades.<\/p>\n<p>Les dades es conservaran durant un termini m\u00e0xim d&#8217;un any, transcorregut el qual es procedir\u00e0 a l&#8217;eliminaci\u00f3 garantint el respecte total a la confidencialitat tant en el tractament com en la posterior destrucci\u00f3. En aquest sentit, despr\u00e9s d&#8217;aquest per\u00edode, i si desitja continuar participant en els processos de selecci\u00f3 del Responsable, li preguem que ens torni a enviar el seu curr\u00edculum.<\/p>\n<p>Les dades podran ser tractades i\/o comunicades a les empreses integrants del nostre grup durant el temps de conservaci\u00f3 del seu curr\u00edculum i per a les mateixes finalitats anteriorment informades.<\/p>\n<p>PUBLICACI\u00d3 DEL SEU TESTIMONI<\/p>\n<p>En el cas que l&#8217;usuari desitgi publicar la seva opini\u00f3 al lloc web, informem que les dades proporcionades seran tractades per atendre les sugger\u00e8ncies, experi\u00e8ncies o opinions respecte als productes i\/o serveis, i seran publicades al lloc web per ajudar altres usuaris. Les dades es conservaran mentre hi hagi un inter\u00e8s mutu per mantenir la finalitat del tractament i, quan ja no siguin necess\u00e0ries, es procedir\u00e0 a la seva eliminaci\u00f3 amb les mesures de seguretat adequades per garantir la pseudonimitzaci\u00f3 o la destrucci\u00f3 total de les mateixes. Els testimonis es publicaran al nostre lloc web, i l&#8217;\u00fanica dada personal que es publicar\u00e0 ser\u00e0 el seu nom.<\/p>\n<p>MODIFICACIONS D&#8217;AQUESTA POL\u00cdTICA DE PRIVACITAT<\/p>\n<p>COTINFANT S.L. es reserva el dret de modificar aquesta pol\u00edtica per adaptar-la a novetats legislatives o jurisprudencials.<\/p>\n<p>REVOCABILITAT<\/p>\n<p>El consentiment prestat, tant per al tractament com per a la cessi\u00f3 de les dades dels interessats, pot ser revocat en qualsevol moment comunicant-ho a COTINFANT S.L. en els termes establerts en aquesta Pol\u00edtica per a l&#8217;exercici dels drets. Aquesta revocaci\u00f3 no tindr\u00e0 car\u00e0cter retroactiu.<\/p>\n<p>LEGISLACI\u00d3<\/p>\n<p>De manera general, les relacions entre COTINFANT S.L. i els Usuaris dels seus serveis telem\u00e0tics presents en aquest lloc web estan subjectes a la legislaci\u00f3 i jurisdicci\u00f3 espanyola, a la qual les parts se sotmeten expressament. Els Tribunals de Barcelona seran competents per a la resoluci\u00f3 de tots els conflictes derivats o relacionats amb l&#8217;\u00fas del lloc web.<\/p>\n[\/vc_column_text][\/vc_column][\/vc_row][vc_row type=&#8221;in_container&#8221; full_screen_row_position=&#8221;middle&#8221; column_margin=&#8221;default&#8221; column_direction=&#8221;default&#8221; column_direction_tablet=&#8221;default&#8221; column_direction_phone=&#8221;default&#8221; scene_position=&#8221;center&#8221; text_color=&#8221;dark&#8221; text_align=&#8221;left&#8221; row_border_radius=&#8221;none&#8221; row_border_radius_applies=&#8221;bg&#8221; overflow=&#8221;visible&#8221; overlay_strength=&#8221;0.3&#8243; gradient_direction=&#8221;left_to_right&#8221; shape_divider_position=&#8221;bottom&#8221; bg_image_animation=&#8221;none&#8221;][vc_column column_padding=&#8221;no-extra-padding&#8221; column_padding_tablet=&#8221;inherit&#8221; column_padding_phone=&#8221;inherit&#8221; column_padding_position=&#8221;all&#8221; column_element_direction_desktop=&#8221;default&#8221; column_element_spacing=&#8221;default&#8221; desktop_text_alignment=&#8221;default&#8221; tablet_text_alignment=&#8221;default&#8221; phone_text_alignment=&#8221;default&#8221; background_color_opacity=&#8221;1&#8243; background_hover_color_opacity=&#8221;1&#8243; column_backdrop_filter=&#8221;none&#8221; column_shadow=&#8221;none&#8221; column_border_radius=&#8221;none&#8221; column_link_target=&#8221;_self&#8221; column_position=&#8221;default&#8221; gradient_direction=&#8221;left_to_right&#8221; overlay_strength=&#8221;0.3&#8243; width=&#8221;1\/1&#8243; tablet_width_inherit=&#8221;default&#8221; animation_type=&#8221;default&#8221; bg_image_animation=&#8221;none&#8221; border_type=&#8221;simple&#8221; column_border_width=&#8221;none&#8221; column_border_style=&#8221;solid&#8221;][vc_column_text]\n<p><!-- \/wp:heading -->[\/vc_column_text][\/vc_column][\/vc_row]\n","protected":false},"excerpt":{"rendered":"<p>[vc_row type=&#8221;in_container&#8221; full_screen_row_position=&#8221;middle&#8221; column_margin=&#8221;default&#8221; column_direction=&#8221;default&#8221; column_direction_tablet=&#8221;default&#8221; column_direction_phone=&#8221;default&#8221; scene_position=&#8221;center&#8221; text_color=&#8221;dark&#8221; text_align=&#8221;left&#8221; row_border_radius=&#8221;none&#8221; row_border_radius_applies=&#8221;bg&#8221; overflow=&#8221;visible&#8221; overlay_strength=&#8221;0.3&#8243; gradient_direction=&#8221;left_to_right&#8221; shape_divider_position=&#8221;bottom&#8221; bg_image_animation=&#8221;none&#8221;][vc_column column_padding=&#8221;no-extra-padding&#8221; column_padding_tablet=&#8221;inherit&#8221; column_padding_phone=&#8221;inherit&#8221; column_padding_position=&#8221;all&#8221; column_element_direction_desktop=&#8221;default&#8221; column_element_spacing=&#8221;default&#8221; desktop_text_alignment=&#8221;default&#8221; tablet_text_alignment=&#8221;default&#8221; phone_text_alignment=&#8221;default&#8221; background_color_opacity=&#8221;1&#8243; background_hover_color_opacity=&#8221;1&#8243; column_backdrop_filter=&#8221;none&#8221; column_shadow=&#8221;none&#8221;&#8230;<\/p>\n","protected":false},"author":2,"featured_media":0,"parent":0,"menu_order":0,"comment_status":"closed","ping_status":"open","template":"","meta":{"inline_featured_image":false,"footnotes":""},"class_list":["post-2568","page","type-page","status-publish"],"_links":{"self":[{"href":"https:\/\/cotinfant.com\/infant\/ca\/wp-json\/wp\/v2\/pages\/2568"}],"collection":[{"href":"https:\/\/cotinfant.com\/infant\/ca\/wp-json\/wp\/v2\/pages"}],"about":[{"href":"https:\/\/cotinfant.com\/infant\/ca\/wp-json\/wp\/v2\/types\/page"}],"author":[{"embeddable":true,"href":"https:\/\/cotinfant.com\/infant\/ca\/wp-json\/wp\/v2\/users\/2"}],"replies":[{"embeddable":true,"href":"https:\/\/cotinfant.com\/infant\/ca\/wp-json\/wp\/v2\/comments?post=2568"}],"version-history":[{"count":3,"href":"https:\/\/cotinfant.com\/infant\/ca\/wp-json\/wp\/v2\/pages\/2568\/revisions"}],"predecessor-version":[{"id":2571,"href":"https:\/\/cotinfant.com\/infant\/ca\/wp-json\/wp\/v2\/pages\/2568\/revisions\/2571"}],"wp:attachment":[{"href":"https:\/\/cotinfant.com\/infant\/ca\/wp-json\/wp\/v2\/media?parent=2568"}],"curies":[{"name":"wp","href":"https:\/\/api.w.org\/{rel}","templated":true}]}}